{"id":374,"date":"2025-07-14T12:42:49","date_gmt":"2025-07-14T10:42:49","guid":{"rendered":"https:\/\/cmoyano.com\/?page_id=374"},"modified":"2025-07-14T12:51:19","modified_gmt":"2025-07-14T10:51:19","slug":"etica-del-rewilding-cristian-moyano","status":"publish","type":"page","link":"https:\/\/cmoyano.com\/index.php\/etica-del-rewilding-cristian-moyano\/","title":{"rendered":"\u00c9tica del Rewilding"},"content":{"rendered":"\n<div class=\"wp-block-columns is-layout-flex wp-container-core-columns-is-layout-28f84493 wp-block-columns-is-layout-flex\">\n<div class=\"wp-block-column is-layout-flow wp-block-column-is-layout-flow\" style=\"flex-basis:35%\">\n<figure class=\"wp-block-image size-large\"><img loading=\"lazy\" decoding=\"async\" width=\"363\" height=\"512\" src=\"https:\/\/cmoyano.com\/wp-content\/uploads\/2023\/03\/etica-rewilding-portada-pyv.jpg\" alt=\"\" class=\"wp-image-255\" srcset=\"https:\/\/cmoyano.com\/wp-content\/uploads\/2023\/03\/etica-rewilding-portada-pyv.jpg 363w, https:\/\/cmoyano.com\/wp-content\/uploads\/2023\/03\/etica-rewilding-portada-pyv-213x300.jpg 213w\" sizes=\"auto, (max-width: 363px) 100vw, 363px\" \/><\/figure>\n<\/div>\n\n\n\n<div class=\"wp-block-column is-layout-flow wp-block-column-is-layout-flow\" style=\"flex-basis:66.66%\">\n<p>The notion of rewilding has gained popularity in recent years. Recovering wild nature is a bid to mitigate phenomena such as climate change, biodiversity loss or the deterioration of ecosystems. But rewilding is not in itself good or bad. There are different ways of understanding it and different contexts in which to practice it, so a critical reflection is needed to evaluate it morally. <\/p>\n\n\n\n<p>Is it ethical to exterminate invasive species to prioritize the flourishing of an ecosystem? Is it justifiable to intensify and technologize human activities to leave nature more space without interference? Would we accept genetic engineering experiments with some species in order to undertake a de-extinction? If rewilding is about letting nature manage itself, should we help a suffering wild animal? These are not dichotomous questions that can be answered with a simple yes or no, but require a deep and multidimensional inquiry into the problem they raise. <\/p>\n\n\n\n<p>Putting the benefits and detriments of rewilding in the moral balance involves paying attention to the latest scientific research and engaging in a philosophical debate. In a world charged with a plurality of attitudes and behaviors towards wilderness, an ethics of rewilding is urgently needed.<\/p>\n\n\n\n<div class=\"wp-block-buttons is-layout-flex wp-block-buttons-is-layout-flex\">\n<div class=\"wp-block-button has-custom-width wp-block-button__width-100 is-style-outline is-style-outline--1\"><a class=\"wp-block-button__link has-white-background-color has-text-color has-background\" href=\"https:\/\/www.plazayvaldes.es\/libro\/etica-del-rewilding\" style=\"color:#165e05\" target=\"_blank\" rel=\"noreferrer noopener\">Check \u00c9TICA DEL REWILDING at the publishers&#8217; site<\/a><\/div>\n<\/div>\n<\/div>\n<\/div>\n\n\n\n<div class=\"wp-block-columns is-layout-flex wp-container-core-columns-is-layout-28f84493 wp-block-columns-is-layout-flex\">\n<div class=\"wp-block-column is-layout-flow wp-block-column-is-layout-flow\">\n<h4 class=\"wp-block-heading\">Interviews <\/h4>\n\n\n\n<div class=\"wp-block-group\"><div class=\"wp-block-group__inner-container is-layout-flow wp-block-group-is-layout-flow\">\n<ul class=\"wp-block-list\"><li>Radio interview at <a href=\"https:\/\/mediavod-lvlt.rtve.es\/resources\/TE_SVIDAVE\/mp3\/5\/5\/1654673526655.mp3\" target=\"_blank\" rel=\"noreferrer noopener\">RNE Vida Verda<\/a>&nbsp;(24&#8242;:30&#8243;)<\/li><li><a href=\"https:\/\/www.antropologiavidaanimal.es\/blog\/desbancar-al-antropocentrismo-moral-puede-ayudar-a-recuperar-la-humildad-de-situarnos-en-la-biosfera-como-una-especie-mas\/\" target=\"_blank\" rel=\"noreferrer noopener\">antropologiavidaanimal.es<\/a> interview<\/li><\/ul>\n\n\n\n<p><\/p>\n<\/div><\/div>\n\n\n\n<h4 class=\"wp-block-heading\">Book reviews<\/h4>\n\n\n\n<ul class=\"wp-block-list\" id=\"block-e54a2a66-cca1-4727-8326-9d5a947ddf4a\"><li><a href=\"https:\/\/blogsostenible.wordpress.com\/2022\/10\/07\/libro-etica-del-rewilding-de-cristian-moyano-_cristianmoyano-resumen-ed-plazayvaldes\/\" target=\"_blank\" rel=\"noreferrer noopener\">Blog Sostenible<\/a> &nbsp;<\/li><li><a href=\"https:\/\/www.revistaelobservador.com\/opinion\/99-ecoseleccion-blogsostenible\/18155-etica-del-rewilding-de-cristian-moyano\" target=\"_blank\" rel=\"noreferrer noopener\">Revistaelobservador.com<\/a>&nbsp;<\/li><li><a href=\"https:\/\/elasombrario.publico.es\/rewilding-debemos-dejar-que-la-naturaleza-autorregule\/\" target=\"_blank\" rel=\"noreferrer noopener\">Publico.es<\/a>&nbsp;<\/li><\/ul>\n\n\n\n<h4 class=\"wp-block-heading\">Events<\/h4>\n\n\n\n<ul class=\"wp-block-list\"><li><a href=\"https:\/\/www.youtube.com\/watch?v=1-KtEzd8Y9o\" target=\"_blank\" rel=\"noreferrer noopener\">Book presentation at CCCB (Barcelona, Spain)<\/a> <\/li><li><a href=\"https:\/\/www.youtube.com\/watch?v=idxVVAbUInc\" target=\"_blank\" rel=\"noreferrer noopener\">Book presentation with Red Espa\u00f1ola de Filosof\u00eda + Traficantes de sue\u00f1os (Madrid, Spain)<\/a><\/li><li><a href=\"https:\/\/www.youtube.com\/watch?v=mlydoc8BNsQ&amp;t=144s\" target=\"_blank\" rel=\"noreferrer noopener\">Book presentation at University of Aguascalientes (M\u00e9xico) seminar <\/a><\/li><\/ul>\n\n\n\n<p><\/p>\n<\/div>\n\n\n\n<div class=\"wp-block-column is-layout-flow wp-block-column-is-layout-flow\">\n<figure class=\"wp-block-image size-large is-resized\"><img loading=\"lazy\" decoding=\"async\" src=\"https:\/\/cmoyano.com\/wp-content\/uploads\/2024\/03\/photo_5985672372138655971_y-1.jpg\" alt=\"Cristian Moyano \u00c9tica del Rewilding\" class=\"wp-image-326\" width=\"353\" height=\"383\" srcset=\"https:\/\/cmoyano.com\/wp-content\/uploads\/2024\/03\/photo_5985672372138655971_y-1.jpg 923w, https:\/\/cmoyano.com\/wp-content\/uploads\/2024\/03\/photo_5985672372138655971_y-1-277x300.jpg 277w, https:\/\/cmoyano.com\/wp-content\/uploads\/2024\/03\/photo_5985672372138655971_y-1-768x832.jpg 768w\" sizes=\"auto, (max-width: 353px) 100vw, 353px\" \/><\/figure>\n<\/div>\n<\/div>\n\n\n\n<figure class=\"wp-block-embed is-type-video is-provider-youtube wp-block-embed-youtube wp-embed-aspect-16-9 wp-has-aspect-ratio\"><div class=\"wp-block-embed__wrapper\">\n<div class=\"zak-oembed-container\"><iframe loading=\"lazy\" title=\"\u00bfQu\u00e9 busca el rewilding?\" width=\"812\" height=\"457\" src=\"https:\/\/www.youtube.com\/embed\/OpzBGjpj7Sg?feature=oembed\" frameborder=\"0\" allow=\"accelerometer; autoplay; clipboard-write; encrypted-media; gyroscope; picture-in-picture; web-share\" referrerpolicy=\"strict-origin-when-cross-origin\" allowfullscreen><\/iframe><\/div>\n<\/div><\/figure>\n\n\n\n<p><a href=\"https:\/\/cmoyano.com\/index.php\/books-cristian-moyano\/\">&gt;Go back to Books section<\/a><\/p>\n","protected":false},"excerpt":{"rendered":"<p>The notion of rewilding has gained popularity in recent years. Recovering wild nature is a bid to mitigate phenomena such as climate change, biodiversity loss or the deterioration of ecosystems. But rewilding is not in itself good or bad. There are different ways of understanding it and different contexts in which to practice it, so [&hellip;]<\/p>\n","protected":false},"author":1,"featured_media":0,"parent":0,"menu_order":0,"comment_status":"closed","ping_status":"closed","template":"","meta":{"zakra_page_container_layout":"contained","zakra_page_sidebar_layout":"no_sidebar","zakra_remove_content_margin":false,"zakra_sidebar":"customizer","zakra_transparent_header":"customizer","zakra_logo":0,"zakra_main_header_style":"default","zakra_menu_item_color":"","zakra_menu_item_hover_color":"","zakra_menu_item_active_color":"","zakra_menu_active_style":"","zakra_page_header":true,"footnotes":""},"class_list":["post-374","page","type-page","status-publish","hentry"],"yoast_head":"<!-- This site is optimized with the Yoast SEO plugin v27.3 - https:\/\/yoast.com\/product\/yoast-seo-wordpress\/ -->\n<title>\u00c9tica del Rewilding \u00b7 Book \u00b7 Cristian Moyano Fern\u00e1ndez<\/title>\n<meta name=\"description\" content=\"The notion of rewilding has gained popularity in recent years. Recovering wild nature is a bid to mitigate phenomena such as climate ...\" \/>\n<meta name=\"robots\" content=\"index, follow, max-snippet:-1, max-image-preview:large, max-video-preview:-1\" \/>\n<link rel=\"canonical\" href=\"https:\/\/cmoyano.com\/index.php\/etica-del-rewilding-cristian-moyano\/\" \/>\n<meta property=\"og:locale\" content=\"es_ES\" \/>\n<meta property=\"og:type\" content=\"article\" \/>\n<meta property=\"og:title\" content=\"\u00c9tica del Rewilding \u00b7 Book \u00b7 Cristian Moyano Fern\u00e1ndez\" \/>\n<meta property=\"og:description\" content=\"The notion of rewilding has gained popularity in recent years. Recovering wild nature is a bid to mitigate phenomena such as climate ...\" \/>\n<meta property=\"og:url\" content=\"https:\/\/cmoyano.com\/index.php\/etica-del-rewilding-cristian-moyano\/\" \/>\n<meta property=\"og:site_name\" content=\"Cristian Moyano Fernandez\" \/>\n<meta property=\"article:modified_time\" content=\"2025-07-14T10:51:19+00:00\" \/>\n<meta property=\"og:image\" content=\"https:\/\/cmoyano.com\/wp-content\/uploads\/2023\/03\/etica-rewilding-portada-pyv.jpg\" \/>\n<meta name=\"twitter:card\" content=\"summary_large_image\" \/>\n<meta name=\"twitter:label1\" content=\"Tiempo de lectura\" \/>\n\t<meta name=\"twitter:data1\" content=\"2 minutos\" \/>\n<script type=\"application\/ld+json\" class=\"yoast-schema-graph\">{\"@context\":\"https:\\\/\\\/schema.org\",\"@graph\":[{\"@type\":\"WebPage\",\"@id\":\"https:\\\/\\\/cmoyano.com\\\/index.php\\\/etica-del-rewilding-cristian-moyano\\\/\",\"url\":\"https:\\\/\\\/cmoyano.com\\\/index.php\\\/etica-del-rewilding-cristian-moyano\\\/\",\"name\":\"\u00c9tica del Rewilding \u00b7 Book \u00b7 Cristian Moyano Fern\u00e1ndez\",\"isPartOf\":{\"@id\":\"https:\\\/\\\/cmoyano.com\\\/#website\"},\"primaryImageOfPage\":{\"@id\":\"https:\\\/\\\/cmoyano.com\\\/index.php\\\/etica-del-rewilding-cristian-moyano\\\/#primaryimage\"},\"image\":{\"@id\":\"https:\\\/\\\/cmoyano.com\\\/index.php\\\/etica-del-rewilding-cristian-moyano\\\/#primaryimage\"},\"thumbnailUrl\":\"https:\\\/\\\/cmoyano.com\\\/wp-content\\\/uploads\\\/2023\\\/03\\\/etica-rewilding-portada-pyv.jpg\",\"datePublished\":\"2025-07-14T10:42:49+00:00\",\"dateModified\":\"2025-07-14T10:51:19+00:00\",\"description\":\"The notion of rewilding has gained popularity in recent years. Recovering wild nature is a bid to mitigate phenomena such as climate ...\",\"breadcrumb\":{\"@id\":\"https:\\\/\\\/cmoyano.com\\\/index.php\\\/etica-del-rewilding-cristian-moyano\\\/#breadcrumb\"},\"inLanguage\":\"es\",\"potentialAction\":[{\"@type\":\"ReadAction\",\"target\":[\"https:\\\/\\\/cmoyano.com\\\/index.php\\\/etica-del-rewilding-cristian-moyano\\\/\"]}]},{\"@type\":\"ImageObject\",\"inLanguage\":\"es\",\"@id\":\"https:\\\/\\\/cmoyano.com\\\/index.php\\\/etica-del-rewilding-cristian-moyano\\\/#primaryimage\",\"url\":\"https:\\\/\\\/cmoyano.com\\\/wp-content\\\/uploads\\\/2023\\\/03\\\/etica-rewilding-portada-pyv.jpg\",\"contentUrl\":\"https:\\\/\\\/cmoyano.com\\\/wp-content\\\/uploads\\\/2023\\\/03\\\/etica-rewilding-portada-pyv.jpg\",\"width\":363,\"height\":512,\"caption\":\"\u00c9tica del Rewilding. Cristian Moyano. Plaza y Vald\u00e9s\"},{\"@type\":\"BreadcrumbList\",\"@id\":\"https:\\\/\\\/cmoyano.com\\\/index.php\\\/etica-del-rewilding-cristian-moyano\\\/#breadcrumb\",\"itemListElement\":[{\"@type\":\"ListItem\",\"position\":1,\"name\":\"Portada\",\"item\":\"https:\\\/\\\/cmoyano.com\\\/\"},{\"@type\":\"ListItem\",\"position\":2,\"name\":\"\u00c9tica del Rewilding\"}]},{\"@type\":\"WebSite\",\"@id\":\"https:\\\/\\\/cmoyano.com\\\/#website\",\"url\":\"https:\\\/\\\/cmoyano.com\\\/\",\"name\":\"Cristian Moyano Fernandez\",\"description\":\"Cristian Moyano PhD\",\"publisher\":{\"@id\":\"https:\\\/\\\/cmoyano.com\\\/#organization\"},\"potentialAction\":[{\"@type\":\"SearchAction\",\"target\":{\"@type\":\"EntryPoint\",\"urlTemplate\":\"https:\\\/\\\/cmoyano.com\\\/?s={search_term_string}\"},\"query-input\":{\"@type\":\"PropertyValueSpecification\",\"valueRequired\":true,\"valueName\":\"search_term_string\"}}],\"inLanguage\":\"es\"},{\"@type\":\"Organization\",\"@id\":\"https:\\\/\\\/cmoyano.com\\\/#organization\",\"name\":\"Cristian Moyano Fernandez\",\"url\":\"https:\\\/\\\/cmoyano.com\\\/\",\"logo\":{\"@type\":\"ImageObject\",\"inLanguage\":\"es\",\"@id\":\"https:\\\/\\\/cmoyano.com\\\/#\\\/schema\\\/logo\\\/image\\\/\",\"url\":\"https:\\\/\\\/cmoyano.com\\\/wp-content\\\/uploads\\\/2021\\\/06\\\/cropped-cropped-Cristian-Moyano-Fernandez-PhD-1.png\",\"contentUrl\":\"https:\\\/\\\/cmoyano.com\\\/wp-content\\\/uploads\\\/2021\\\/06\\\/cropped-cropped-Cristian-Moyano-Fernandez-PhD-1.png\",\"width\":498,\"height\":176,\"caption\":\"Cristian Moyano Fernandez\"},\"image\":{\"@id\":\"https:\\\/\\\/cmoyano.com\\\/#\\\/schema\\\/logo\\\/image\\\/\"}}]}<\/script>\n<!-- \/ Yoast SEO plugin. -->","yoast_head_json":{"title":"\u00c9tica del Rewilding \u00b7 Book \u00b7 Cristian Moyano Fern\u00e1ndez","description":"The notion of rewilding has gained popularity in recent years. Recovering wild nature is a bid to mitigate phenomena such as climate ...","robots":{"index":"index","follow":"follow","max-snippet":"max-snippet:-1","max-image-preview":"max-image-preview:large","max-video-preview":"max-video-preview:-1"},"canonical":"https:\/\/cmoyano.com\/index.php\/etica-del-rewilding-cristian-moyano\/","og_locale":"es_ES","og_type":"article","og_title":"\u00c9tica del Rewilding \u00b7 Book \u00b7 Cristian Moyano Fern\u00e1ndez","og_description":"The notion of rewilding has gained popularity in recent years. Recovering wild nature is a bid to mitigate phenomena such as climate ...","og_url":"https:\/\/cmoyano.com\/index.php\/etica-del-rewilding-cristian-moyano\/","og_site_name":"Cristian Moyano Fernandez","article_modified_time":"2025-07-14T10:51:19+00:00","og_image":[{"url":"https:\/\/cmoyano.com\/wp-content\/uploads\/2023\/03\/etica-rewilding-portada-pyv.jpg","type":"","width":"","height":""}],"twitter_card":"summary_large_image","twitter_misc":{"Tiempo de lectura":"2 minutos"},"schema":{"@context":"https:\/\/schema.org","@graph":[{"@type":"WebPage","@id":"https:\/\/cmoyano.com\/index.php\/etica-del-rewilding-cristian-moyano\/","url":"https:\/\/cmoyano.com\/index.php\/etica-del-rewilding-cristian-moyano\/","name":"\u00c9tica del Rewilding \u00b7 Book \u00b7 Cristian Moyano Fern\u00e1ndez","isPartOf":{"@id":"https:\/\/cmoyano.com\/#website"},"primaryImageOfPage":{"@id":"https:\/\/cmoyano.com\/index.php\/etica-del-rewilding-cristian-moyano\/#primaryimage"},"image":{"@id":"https:\/\/cmoyano.com\/index.php\/etica-del-rewilding-cristian-moyano\/#primaryimage"},"thumbnailUrl":"https:\/\/cmoyano.com\/wp-content\/uploads\/2023\/03\/etica-rewilding-portada-pyv.jpg","datePublished":"2025-07-14T10:42:49+00:00","dateModified":"2025-07-14T10:51:19+00:00","description":"The notion of rewilding has gained popularity in recent years. Recovering wild nature is a bid to mitigate phenomena such as climate ...","breadcrumb":{"@id":"https:\/\/cmoyano.com\/index.php\/etica-del-rewilding-cristian-moyano\/#breadcrumb"},"inLanguage":"es","potentialAction":[{"@type":"ReadAction","target":["https:\/\/cmoyano.com\/index.php\/etica-del-rewilding-cristian-moyano\/"]}]},{"@type":"ImageObject","inLanguage":"es","@id":"https:\/\/cmoyano.com\/index.php\/etica-del-rewilding-cristian-moyano\/#primaryimage","url":"https:\/\/cmoyano.com\/wp-content\/uploads\/2023\/03\/etica-rewilding-portada-pyv.jpg","contentUrl":"https:\/\/cmoyano.com\/wp-content\/uploads\/2023\/03\/etica-rewilding-portada-pyv.jpg","width":363,"height":512,"caption":"\u00c9tica del Rewilding. Cristian Moyano. Plaza y Vald\u00e9s"},{"@type":"BreadcrumbList","@id":"https:\/\/cmoyano.com\/index.php\/etica-del-rewilding-cristian-moyano\/#breadcrumb","itemListElement":[{"@type":"ListItem","position":1,"name":"Portada","item":"https:\/\/cmoyano.com\/"},{"@type":"ListItem","position":2,"name":"\u00c9tica del Rewilding"}]},{"@type":"WebSite","@id":"https:\/\/cmoyano.com\/#website","url":"https:\/\/cmoyano.com\/","name":"Cristian Moyano Fernandez","description":"Cristian Moyano PhD","publisher":{"@id":"https:\/\/cmoyano.com\/#organization"},"potentialAction":[{"@type":"SearchAction","target":{"@type":"EntryPoint","urlTemplate":"https:\/\/cmoyano.com\/?s={search_term_string}"},"query-input":{"@type":"PropertyValueSpecification","valueRequired":true,"valueName":"search_term_string"}}],"inLanguage":"es"},{"@type":"Organization","@id":"https:\/\/cmoyano.com\/#organization","name":"Cristian Moyano Fernandez","url":"https:\/\/cmoyano.com\/","logo":{"@type":"ImageObject","inLanguage":"es","@id":"https:\/\/cmoyano.com\/#\/schema\/logo\/image\/","url":"https:\/\/cmoyano.com\/wp-content\/uploads\/2021\/06\/cropped-cropped-Cristian-Moyano-Fernandez-PhD-1.png","contentUrl":"https:\/\/cmoyano.com\/wp-content\/uploads\/2021\/06\/cropped-cropped-Cristian-Moyano-Fernandez-PhD-1.png","width":498,"height":176,"caption":"Cristian Moyano Fernandez"},"image":{"@id":"https:\/\/cmoyano.com\/#\/schema\/logo\/image\/"}}]}},"_links":{"self":[{"href":"https:\/\/cmoyano.com\/index.php\/wp-json\/wp\/v2\/pages\/374","targetHints":{"allow":["GET"]}}],"collection":[{"href":"https:\/\/cmoyano.com\/index.php\/wp-json\/wp\/v2\/pages"}],"about":[{"href":"https:\/\/cmoyano.com\/index.php\/wp-json\/wp\/v2\/types\/page"}],"author":[{"embeddable":true,"href":"https:\/\/cmoyano.com\/index.php\/wp-json\/wp\/v2\/users\/1"}],"replies":[{"embeddable":true,"href":"https:\/\/cmoyano.com\/index.php\/wp-json\/wp\/v2\/comments?post=374"}],"version-history":[{"count":2,"href":"https:\/\/cmoyano.com\/index.php\/wp-json\/wp\/v2\/pages\/374\/revisions"}],"predecessor-version":[{"id":381,"href":"https:\/\/cmoyano.com\/index.php\/wp-json\/wp\/v2\/pages\/374\/revisions\/381"}],"wp:attachment":[{"href":"https:\/\/cmoyano.com\/index.php\/wp-json\/wp\/v2\/media?parent=374"}],"curies":[{"name":"wp","href":"https:\/\/api.w.org\/{rel}","templated":true}]}}