{"id":385,"date":"2025-07-14T13:03:59","date_gmt":"2025-07-14T11:03:59","guid":{"rendered":"https:\/\/cmoyano.com\/?page_id=385"},"modified":"2026-01-30T15:52:38","modified_gmt":"2026-01-30T14:52:38","slug":"puentes-salvajes-cristian-moyano","status":"publish","type":"page","link":"https:\/\/cmoyano.com\/index.php\/puentes-salvajes-cristian-moyano\/","title":{"rendered":"Puentes salvajes"},"content":{"rendered":"\n<div class=\"wp-block-columns is-layout-flex wp-container-core-columns-is-layout-28f84493 wp-block-columns-is-layout-flex\">\n<div class=\"wp-block-column is-layout-flow wp-block-column-is-layout-flow\" style=\"flex-basis:33.33%\">\n<figure class=\"wp-block-image size-large\"><img loading=\"lazy\" decoding=\"async\" width=\"675\" height=\"1024\" src=\"https:\/\/cmoyano.com\/wp-content\/uploads\/2025\/07\/800_puentessalvajes-cubierta-675x1024.jpg\" alt=\"Puentes Salvajes. Cristian Moyano. Plaza y Vald\u00e9s\" class=\"wp-image-348\" srcset=\"https:\/\/cmoyano.com\/wp-content\/uploads\/2025\/07\/800_puentessalvajes-cubierta-675x1024.jpg 675w, https:\/\/cmoyano.com\/wp-content\/uploads\/2025\/07\/800_puentessalvajes-cubierta-198x300.jpg 198w, https:\/\/cmoyano.com\/wp-content\/uploads\/2025\/07\/800_puentessalvajes-cubierta-768x1165.jpg 768w, https:\/\/cmoyano.com\/wp-content\/uploads\/2025\/07\/800_puentessalvajes-cubierta.jpg 800w\" sizes=\"auto, (max-width: 675px) 100vw, 675px\" \/><\/figure>\n<\/div>\n\n\n\n<div class=\"wp-block-column is-layout-flow wp-block-column-is-layout-flow\" style=\"flex-basis:66.66%\">\n<p>We are on a path of disengagement with wild nature. We inhabit a world dominated by human interest, domestication and systematic exploitation of non-human beings. The ecosystemic degradation of the Anthropocene epoch exemplifies these oppressive relationships between our lifestyles and the biosphere. It is the task of this book to philosophically discuss these moral hierarchies and to outline a new approach to living in a just and healthy way with non-human nature. To do so, it proposes to be engaged in a constructive dialogue with the narrative of rewilding with the intention of recognising our links with wildlife.<\/p>\n\n\n\n<p>How can we flourish by building more natural and ethical interdependencies with our environment? This collective book seeks to answer this question by exploring cross-cutting themes such as rewilding, ecosocial justice, ecofeminism, animal ethics, decolonial epistemologies, degrowth and health. The aim is to outline an understanding of human flourishing that is synergetic with more than human life, coherent with the context of collapse that we inhabit in the midst of the 21st century and stimulating for imagining a new present and new (con)livable futures. The research shown in the different chapters is framed within a critical and proactive review of how anthropocentric dynamics should stop unjustly impoverishing biological diversity. All this in order to make visible, recognise and dare to explore together the wild bridges that connect us ontologically and morally with the non-human.<\/p>\n\n\n\n<p>Contributors: Cristian Moyano-Fern\u00e1ndez (also coordinator), Fernando Arribas-Herguedas, Carlos de Castro, Marta Tafalla, Isabel Balza, Esther Molina Olivencia, Alberto Coronel Taranc\u00f3n, Andrea N\u00fa\u00f1ez Casal, Jordi Palau Puigvert, Arnau Tolr\u00e0, Javier Romero, Dina Garz\u00f3n, Alicia H. Puleo, Jorge Riechmann, Pablo Serra.<\/p>\n\n\n\n<div class=\"wp-block-buttons is-layout-flex wp-block-buttons-is-layout-flex\">\n<div class=\"wp-block-button is-style-outline is-style-outline--1\"><a class=\"wp-block-button__link has-zakra-color-3-background-color has-text-color has-background has-link-color wp-element-button\" href=\"https:\/\/www.plazayvaldes.es\/libro\/puentes-salvajes\" style=\"border-width:3px;color:#046712\">Check PUENTES SALVAJES at the editors&#8217; site<\/a><\/div>\n<\/div>\n<\/div>\n<\/div>\n\n\n\n<figure class=\"wp-block-embed is-type-video is-provider-youtube wp-block-embed-youtube wp-embed-aspect-16-9 wp-has-aspect-ratio\"><div class=\"wp-block-embed__wrapper\">\n<div class=\"zak-oembed-container\"><iframe loading=\"lazy\" title=\"Presentaci\u00f3n de &quot;Puentes salvajes&quot;\" width=\"812\" height=\"457\" src=\"https:\/\/www.youtube.com\/embed\/0CKqfGjG130?start=1&#038;feature=oembed\" frameborder=\"0\" allow=\"accelerometer; autoplay; clipboard-write; encrypted-media; gyroscope; picture-in-picture; web-share\" referrerpolicy=\"strict-origin-when-cross-origin\" allowfullscreen><\/iframe><\/div>\n<\/div><figcaption class=\"wp-element-caption\">Puentes Salvajes book presentation at Meta Librer\u00eda, Madrid<\/figcaption><\/figure>\n\n\n\n<ul class=\"wp-block-list\">\n<li><a href=\"https:\/\/ifs.csic.es\/es\/event\/seminario-instituto-filosofia\">Seminario del Instituto de Filosof\u00eda | Instituto de Filosof\u00eda<\/a><\/li>\n<\/ul>\n\n\n\n<p><a href=\"https:\/\/cmoyano.com\/index.php\/books-cristian-moyano\/\">&gt; Go back to Books<\/a><\/p>\n","protected":false},"excerpt":{"rendered":"<p>We are on a path of disengagement with wild nature. We inhabit a world dominated by human interest, domestication and systematic exploitation of non-human beings. The ecosystemic degradation of the Anthropocene epoch exemplifies these oppressive relationships between our lifestyles and the biosphere. It is the task of this book to philosophically discuss these moral hierarchies [&hellip;]<\/p>\n","protected":false},"author":1,"featured_media":0,"parent":0,"menu_order":0,"comment_status":"closed","ping_status":"closed","template":"","meta":{"zakra_page_container_layout":"contained","zakra_page_sidebar_layout":"no_sidebar","zakra_remove_content_margin":false,"zakra_sidebar":"customizer","zakra_transparent_header":"customizer","zakra_logo":0,"zakra_main_header_style":"default","zakra_menu_item_color":"","zakra_menu_item_hover_color":"","zakra_menu_item_active_color":"","zakra_menu_active_style":"","zakra_page_header":true,"footnotes":""},"class_list":["post-385","page","type-page","status-publish","hentry"],"yoast_head":"<!-- This site is optimized with the Yoast SEO plugin v27.3 - https:\/\/yoast.com\/product\/yoast-seo-wordpress\/ -->\n<title>Puentes salvajes \u00b7 Book \u00b7 Cristian Moyano Fernandez<\/title>\n<meta name=\"description\" content=\"We are on a path of disengagement with wild nature. We inhabit a world dominated by human interest, domestication and systematic ...\" \/>\n<meta name=\"robots\" content=\"index, follow, max-snippet:-1, max-image-preview:large, max-video-preview:-1\" \/>\n<link rel=\"canonical\" href=\"https:\/\/cmoyano.com\/index.php\/puentes-salvajes-cristian-moyano\/\" \/>\n<meta property=\"og:locale\" content=\"es_ES\" \/>\n<meta property=\"og:type\" content=\"article\" \/>\n<meta property=\"og:title\" content=\"Puentes salvajes \u00b7 Book \u00b7 Cristian Moyano Fernandez\" \/>\n<meta property=\"og:description\" content=\"We are on a path of disengagement with wild nature. We inhabit a world dominated by human interest, domestication and systematic ...\" \/>\n<meta property=\"og:url\" content=\"https:\/\/cmoyano.com\/index.php\/puentes-salvajes-cristian-moyano\/\" \/>\n<meta property=\"og:site_name\" content=\"Cristian Moyano Fernandez\" \/>\n<meta property=\"article:modified_time\" content=\"2026-01-30T14:52:38+00:00\" \/>\n<meta property=\"og:image\" content=\"https:\/\/cmoyano.com\/wp-content\/uploads\/2025\/07\/800_puentessalvajes-cubierta.jpg\" \/>\n\t<meta property=\"og:image:width\" content=\"800\" \/>\n\t<meta property=\"og:image:height\" content=\"1214\" \/>\n\t<meta property=\"og:image:type\" content=\"image\/jpeg\" \/>\n<meta name=\"twitter:card\" content=\"summary_large_image\" \/>\n<meta name=\"twitter:label1\" content=\"Tiempo de lectura\" \/>\n\t<meta name=\"twitter:data1\" content=\"2 minutos\" \/>\n<script type=\"application\/ld+json\" class=\"yoast-schema-graph\">{\"@context\":\"https:\\\/\\\/schema.org\",\"@graph\":[{\"@type\":\"WebPage\",\"@id\":\"https:\\\/\\\/cmoyano.com\\\/index.php\\\/puentes-salvajes-cristian-moyano\\\/\",\"url\":\"https:\\\/\\\/cmoyano.com\\\/index.php\\\/puentes-salvajes-cristian-moyano\\\/\",\"name\":\"Puentes salvajes \u00b7 Book \u00b7 Cristian Moyano Fernandez\",\"isPartOf\":{\"@id\":\"https:\\\/\\\/cmoyano.com\\\/#website\"},\"primaryImageOfPage\":{\"@id\":\"https:\\\/\\\/cmoyano.com\\\/index.php\\\/puentes-salvajes-cristian-moyano\\\/#primaryimage\"},\"image\":{\"@id\":\"https:\\\/\\\/cmoyano.com\\\/index.php\\\/puentes-salvajes-cristian-moyano\\\/#primaryimage\"},\"thumbnailUrl\":\"https:\\\/\\\/cmoyano.com\\\/wp-content\\\/uploads\\\/2025\\\/07\\\/800_puentessalvajes-cubierta-675x1024.jpg\",\"datePublished\":\"2025-07-14T11:03:59+00:00\",\"dateModified\":\"2026-01-30T14:52:38+00:00\",\"description\":\"We are on a path of disengagement with wild nature. We inhabit a world dominated by human interest, domestication and systematic ...\",\"breadcrumb\":{\"@id\":\"https:\\\/\\\/cmoyano.com\\\/index.php\\\/puentes-salvajes-cristian-moyano\\\/#breadcrumb\"},\"inLanguage\":\"es\",\"potentialAction\":[{\"@type\":\"ReadAction\",\"target\":[\"https:\\\/\\\/cmoyano.com\\\/index.php\\\/puentes-salvajes-cristian-moyano\\\/\"]}]},{\"@type\":\"ImageObject\",\"inLanguage\":\"es\",\"@id\":\"https:\\\/\\\/cmoyano.com\\\/index.php\\\/puentes-salvajes-cristian-moyano\\\/#primaryimage\",\"url\":\"https:\\\/\\\/cmoyano.com\\\/wp-content\\\/uploads\\\/2025\\\/07\\\/800_puentessalvajes-cubierta.jpg\",\"contentUrl\":\"https:\\\/\\\/cmoyano.com\\\/wp-content\\\/uploads\\\/2025\\\/07\\\/800_puentessalvajes-cubierta.jpg\",\"width\":800,\"height\":1214,\"caption\":\"Puentes Salvajes. Cristian Moyano. Plaza y Vald\u00e9s\"},{\"@type\":\"BreadcrumbList\",\"@id\":\"https:\\\/\\\/cmoyano.com\\\/index.php\\\/puentes-salvajes-cristian-moyano\\\/#breadcrumb\",\"itemListElement\":[{\"@type\":\"ListItem\",\"position\":1,\"name\":\"Portada\",\"item\":\"https:\\\/\\\/cmoyano.com\\\/\"},{\"@type\":\"ListItem\",\"position\":2,\"name\":\"Puentes salvajes\"}]},{\"@type\":\"WebSite\",\"@id\":\"https:\\\/\\\/cmoyano.com\\\/#website\",\"url\":\"https:\\\/\\\/cmoyano.com\\\/\",\"name\":\"Cristian Moyano Fernandez\",\"description\":\"Cristian Moyano PhD\",\"publisher\":{\"@id\":\"https:\\\/\\\/cmoyano.com\\\/#organization\"},\"potentialAction\":[{\"@type\":\"SearchAction\",\"target\":{\"@type\":\"EntryPoint\",\"urlTemplate\":\"https:\\\/\\\/cmoyano.com\\\/?s={search_term_string}\"},\"query-input\":{\"@type\":\"PropertyValueSpecification\",\"valueRequired\":true,\"valueName\":\"search_term_string\"}}],\"inLanguage\":\"es\"},{\"@type\":\"Organization\",\"@id\":\"https:\\\/\\\/cmoyano.com\\\/#organization\",\"name\":\"Cristian Moyano Fernandez\",\"url\":\"https:\\\/\\\/cmoyano.com\\\/\",\"logo\":{\"@type\":\"ImageObject\",\"inLanguage\":\"es\",\"@id\":\"https:\\\/\\\/cmoyano.com\\\/#\\\/schema\\\/logo\\\/image\\\/\",\"url\":\"https:\\\/\\\/cmoyano.com\\\/wp-content\\\/uploads\\\/2021\\\/06\\\/cropped-cropped-Cristian-Moyano-Fernandez-PhD-1.png\",\"contentUrl\":\"https:\\\/\\\/cmoyano.com\\\/wp-content\\\/uploads\\\/2021\\\/06\\\/cropped-cropped-Cristian-Moyano-Fernandez-PhD-1.png\",\"width\":498,\"height\":176,\"caption\":\"Cristian Moyano Fernandez\"},\"image\":{\"@id\":\"https:\\\/\\\/cmoyano.com\\\/#\\\/schema\\\/logo\\\/image\\\/\"}}]}<\/script>\n<!-- \/ Yoast SEO plugin. -->","yoast_head_json":{"title":"Puentes salvajes \u00b7 Book \u00b7 Cristian Moyano Fernandez","description":"We are on a path of disengagement with wild nature. We inhabit a world dominated by human interest, domestication and systematic ...","robots":{"index":"index","follow":"follow","max-snippet":"max-snippet:-1","max-image-preview":"max-image-preview:large","max-video-preview":"max-video-preview:-1"},"canonical":"https:\/\/cmoyano.com\/index.php\/puentes-salvajes-cristian-moyano\/","og_locale":"es_ES","og_type":"article","og_title":"Puentes salvajes \u00b7 Book \u00b7 Cristian Moyano Fernandez","og_description":"We are on a path of disengagement with wild nature. We inhabit a world dominated by human interest, domestication and systematic ...","og_url":"https:\/\/cmoyano.com\/index.php\/puentes-salvajes-cristian-moyano\/","og_site_name":"Cristian Moyano Fernandez","article_modified_time":"2026-01-30T14:52:38+00:00","og_image":[{"width":800,"height":1214,"url":"https:\/\/cmoyano.com\/wp-content\/uploads\/2025\/07\/800_puentessalvajes-cubierta.jpg","type":"image\/jpeg"}],"twitter_card":"summary_large_image","twitter_misc":{"Tiempo de lectura":"2 minutos"},"schema":{"@context":"https:\/\/schema.org","@graph":[{"@type":"WebPage","@id":"https:\/\/cmoyano.com\/index.php\/puentes-salvajes-cristian-moyano\/","url":"https:\/\/cmoyano.com\/index.php\/puentes-salvajes-cristian-moyano\/","name":"Puentes salvajes \u00b7 Book \u00b7 Cristian Moyano Fernandez","isPartOf":{"@id":"https:\/\/cmoyano.com\/#website"},"primaryImageOfPage":{"@id":"https:\/\/cmoyano.com\/index.php\/puentes-salvajes-cristian-moyano\/#primaryimage"},"image":{"@id":"https:\/\/cmoyano.com\/index.php\/puentes-salvajes-cristian-moyano\/#primaryimage"},"thumbnailUrl":"https:\/\/cmoyano.com\/wp-content\/uploads\/2025\/07\/800_puentessalvajes-cubierta-675x1024.jpg","datePublished":"2025-07-14T11:03:59+00:00","dateModified":"2026-01-30T14:52:38+00:00","description":"We are on a path of disengagement with wild nature. We inhabit a world dominated by human interest, domestication and systematic ...","breadcrumb":{"@id":"https:\/\/cmoyano.com\/index.php\/puentes-salvajes-cristian-moyano\/#breadcrumb"},"inLanguage":"es","potentialAction":[{"@type":"ReadAction","target":["https:\/\/cmoyano.com\/index.php\/puentes-salvajes-cristian-moyano\/"]}]},{"@type":"ImageObject","inLanguage":"es","@id":"https:\/\/cmoyano.com\/index.php\/puentes-salvajes-cristian-moyano\/#primaryimage","url":"https:\/\/cmoyano.com\/wp-content\/uploads\/2025\/07\/800_puentessalvajes-cubierta.jpg","contentUrl":"https:\/\/cmoyano.com\/wp-content\/uploads\/2025\/07\/800_puentessalvajes-cubierta.jpg","width":800,"height":1214,"caption":"Puentes Salvajes. Cristian Moyano. Plaza y Vald\u00e9s"},{"@type":"BreadcrumbList","@id":"https:\/\/cmoyano.com\/index.php\/puentes-salvajes-cristian-moyano\/#breadcrumb","itemListElement":[{"@type":"ListItem","position":1,"name":"Portada","item":"https:\/\/cmoyano.com\/"},{"@type":"ListItem","position":2,"name":"Puentes salvajes"}]},{"@type":"WebSite","@id":"https:\/\/cmoyano.com\/#website","url":"https:\/\/cmoyano.com\/","name":"Cristian Moyano Fernandez","description":"Cristian Moyano PhD","publisher":{"@id":"https:\/\/cmoyano.com\/#organization"},"potentialAction":[{"@type":"SearchAction","target":{"@type":"EntryPoint","urlTemplate":"https:\/\/cmoyano.com\/?s={search_term_string}"},"query-input":{"@type":"PropertyValueSpecification","valueRequired":true,"valueName":"search_term_string"}}],"inLanguage":"es"},{"@type":"Organization","@id":"https:\/\/cmoyano.com\/#organization","name":"Cristian Moyano Fernandez","url":"https:\/\/cmoyano.com\/","logo":{"@type":"ImageObject","inLanguage":"es","@id":"https:\/\/cmoyano.com\/#\/schema\/logo\/image\/","url":"https:\/\/cmoyano.com\/wp-content\/uploads\/2021\/06\/cropped-cropped-Cristian-Moyano-Fernandez-PhD-1.png","contentUrl":"https:\/\/cmoyano.com\/wp-content\/uploads\/2021\/06\/cropped-cropped-Cristian-Moyano-Fernandez-PhD-1.png","width":498,"height":176,"caption":"Cristian Moyano Fernandez"},"image":{"@id":"https:\/\/cmoyano.com\/#\/schema\/logo\/image\/"}}]}},"_links":{"self":[{"href":"https:\/\/cmoyano.com\/index.php\/wp-json\/wp\/v2\/pages\/385","targetHints":{"allow":["GET"]}}],"collection":[{"href":"https:\/\/cmoyano.com\/index.php\/wp-json\/wp\/v2\/pages"}],"about":[{"href":"https:\/\/cmoyano.com\/index.php\/wp-json\/wp\/v2\/types\/page"}],"author":[{"embeddable":true,"href":"https:\/\/cmoyano.com\/index.php\/wp-json\/wp\/v2\/users\/1"}],"replies":[{"embeddable":true,"href":"https:\/\/cmoyano.com\/index.php\/wp-json\/wp\/v2\/comments?post=385"}],"version-history":[{"count":5,"href":"https:\/\/cmoyano.com\/index.php\/wp-json\/wp\/v2\/pages\/385\/revisions"}],"predecessor-version":[{"id":517,"href":"https:\/\/cmoyano.com\/index.php\/wp-json\/wp\/v2\/pages\/385\/revisions\/517"}],"wp:attachment":[{"href":"https:\/\/cmoyano.com\/index.php\/wp-json\/wp\/v2\/media?parent=385"}],"curies":[{"name":"wp","href":"https:\/\/api.w.org\/{rel}","templated":true}]}}