{"id":390,"date":"2025-07-14T13:12:41","date_gmt":"2025-07-14T11:12:41","guid":{"rendered":"https:\/\/cmoyano.com\/?page_id=390"},"modified":"2026-01-30T15:49:16","modified_gmt":"2026-01-30T14:49:16","slug":"asilvestrarse-cristian-moyano","status":"publish","type":"page","link":"https:\/\/cmoyano.com\/index.php\/asilvestrarse-cristian-moyano\/","title":{"rendered":"Asilvestrarse"},"content":{"rendered":"\n<div class=\"wp-block-columns is-layout-flex wp-container-core-columns-is-layout-28f84493 wp-block-columns-is-layout-flex\">\n<div class=\"wp-block-column is-layout-flow wp-block-column-is-layout-flow\" style=\"flex-basis:100%\">\n<div class=\"wp-block-columns is-layout-flex wp-container-core-columns-is-layout-28f84493 wp-block-columns-is-layout-flex\">\n<div class=\"wp-block-column is-layout-flow wp-block-column-is-layout-flow\" style=\"flex-basis:33.33%\">\n<figure class=\"wp-block-image size-large\"><img loading=\"lazy\" decoding=\"async\" width=\"500\" height=\"771\" src=\"https:\/\/cmoyano.com\/wp-content\/uploads\/2025\/07\/https___zahoribooks.com_wp-content_uploads_9788419889362-1.jpg\" alt=\"Asilvestrarse. Cristian Moyano\" class=\"wp-image-347\" srcset=\"https:\/\/cmoyano.com\/wp-content\/uploads\/2025\/07\/https___zahoribooks.com_wp-content_uploads_9788419889362-1.jpg 500w, https:\/\/cmoyano.com\/wp-content\/uploads\/2025\/07\/https___zahoribooks.com_wp-content_uploads_9788419889362-1-195x300.jpg 195w\" sizes=\"auto, (max-width: 500px) 100vw, 500px\" \/><\/figure>\n<\/div>\n\n\n\n<div class=\"wp-block-column is-layout-flow wp-block-column-is-layout-flow\" style=\"flex-basis:66.66%\">\n<p>Humans should become \u201cwild\u201d. But this is not about living in trees, it is about changing our worldview. Going \u201cwild\u201d is not about giving up cleaning or joining a herd of elephants. Humans do not hunt like dingoes, or browse like deer, or decompose organic matter like vultures. Nor are we able to fertilise the soil the way beetles or earthworms do. \u201cRewilding\u201d means changing our habits to allow wildlife to flourish and perform those functions that ensure life around us and our own.<\/p>\n\n\n\n<p>This book is aimed especially at children (9-12 years old) but it is welcome for people at any age if they are interested in rewilding, multispecies interdependence, and our human relationship with wildlife.<\/p>\n\n\n\n<p>It is available in 4 languages: Spanish, Catalan, Galician and Basque. <\/p>\n\n\n\n<p><\/p>\n\n\n\n<div class=\"wp-block-buttons is-horizontal is-content-justification-center is-layout-flex wp-container-core-buttons-is-layout-03627597 wp-block-buttons-is-layout-flex\">\n<div class=\"wp-block-button has-custom-width wp-block-button__width-75 is-style-outline is-style-outline--1\"><a class=\"wp-block-button__link has-zakra-color-3-background-color has-text-color has-background wp-element-button\" href=\"https:\/\/zahoribooks.com\/producto\/asilvestrarse\/\" style=\"border-width:3px;color:#005e3c\" target=\"_blank\" rel=\"noreferrer noopener\">Check ASILVESTRARSE at the editors&#8217; site<\/a><\/div>\n<\/div>\n<\/div>\n<\/div>\n<\/div>\n<\/div>\n\n\n\n<figure class=\"wp-block-embed is-type-video is-provider-youtube wp-block-embed-youtube wp-embed-aspect-16-9 wp-has-aspect-ratio\"><div class=\"wp-block-embed__wrapper\">\n<div class=\"zak-oembed-container\"><iframe loading=\"lazy\" title=\"Cristian Moyano nos ense\u00f1a a reconectar con lo salvaje en el libro &#039;Asilvestrarse&#039;.\" width=\"812\" height=\"457\" src=\"https:\/\/www.youtube.com\/embed\/hJkAtdr755w?feature=oembed\" frameborder=\"0\" allow=\"accelerometer; autoplay; clipboard-write; encrypted-media; gyroscope; picture-in-picture; web-share\" referrerpolicy=\"strict-origin-when-cross-origin\" allowfullscreen><\/iframe><\/div>\n<\/div><\/figure>\n\n\n\n<p><\/p>\n\n\n\n<h3 class=\"wp-block-heading\">Press and media coverage<\/h3>\n\n\n\n<ul class=\"wp-block-list\">\n<li><a href=\"https:\/\/cadenaser.com\/cmadrid\/2025\/04\/01\/percibir-la-naturaleza-con-ojos-asilvestrados-ser-madrid-norte\/\" target=\"_blank\" rel=\"noreferrer noopener\">Percibir la naturaleza con ojos asilvestrados | Actualidad | Cadena SER<\/a><\/li>\n<\/ul>\n\n\n\n<ul class=\"wp-block-list\">\n<li><a href=\"https:\/\/www.lavanguardia.com\/libros\/libro\/asilvestrarse-volver-a-lo-salvaje-9788400113773\" target=\"_blank\" rel=\"noreferrer noopener\">ASILVESTRARSE : VOLVER A LO SALVAJE (libro del 2025). Escrito por CRISTIAN MOYANO. ISBN 9788400113773 | La Vanguardia<\/a><\/li>\n<\/ul>\n\n\n\n<ul class=\"wp-block-list\">\n<li><a href=\"https:\/\/www.csic.es\/es\/actualidad-del-csic\/el-csic-y-zahori-editan-asilvestrarse-un-libro-que-invita-al-publico-mas-joven-mirar-la-naturaleza-con-otros-ojos\" target=\"_blank\" rel=\"noreferrer noopener\">El CSIC y Zahor\u00ed editan \u2018Asilvestrarse\u2019, un libro que invita al p\u00fablico m\u00e1s joven a mirar la naturaleza con otros ojos | Consejo Superior de Investigaciones Cient\u00edficas<\/a><\/li>\n<\/ul>\n\n\n\n<ul class=\"wp-block-list\">\n<li><a href=\"https:\/\/okdiario.com\/okgreen\/asilvestrarse-volver-lo-salvaje-14568556\" target=\"_blank\" rel=\"noreferrer noopener\">Asilvestrarse para volver a lo salvaje, un libro para percibir la naturaleza<\/a>\u00a0<\/li>\n<\/ul>\n\n\n\n<ul class=\"wp-block-list\">\n<li><a href=\"https:\/\/novaciencia.es\/asilvestrarse-el-libro-del-csic-que-invita-al-publico-mas-joven-a-mirar-la-naturaleza-con-otros-ojos\/\" target=\"_blank\" rel=\"noreferrer noopener\">\u2018Asilvestrarse\u2019, el libro del CSIC que invita al p\u00fablico m\u00e1s joven a mirar la naturaleza con otros ojos<\/a><\/li>\n<\/ul>\n\n\n\n<p><\/p>\n\n\n\n<p><a href=\"https:\/\/cmoyano.com\/index.php\/books-cristian-moyano\/\">&gt; Go back to Books<\/a><\/p>\n","protected":false},"excerpt":{"rendered":"<p>Humans should become \u201cwild\u201d. But this is not about living in trees, it is about changing our worldview. Going \u201cwild\u201d is not about giving up cleaning or joining a herd of elephants. Humans do not hunt like dingoes, or browse like deer, or decompose organic matter like vultures. Nor are we able to fertilise the [&hellip;]<\/p>\n","protected":false},"author":1,"featured_media":0,"parent":0,"menu_order":0,"comment_status":"closed","ping_status":"closed","template":"","meta":{"zakra_page_container_layout":"contained","zakra_page_sidebar_layout":"no_sidebar","zakra_remove_content_margin":false,"zakra_sidebar":"customizer","zakra_transparent_header":"customizer","zakra_logo":0,"zakra_main_header_style":"default","zakra_menu_item_color":"","zakra_menu_item_hover_color":"","zakra_menu_item_active_color":"","zakra_menu_active_style":"","zakra_page_header":true,"footnotes":""},"class_list":["post-390","page","type-page","status-publish","hentry"],"yoast_head":"<!-- This site is optimized with the Yoast SEO plugin v27.3 - https:\/\/yoast.com\/product\/yoast-seo-wordpress\/ -->\n<title>Asilvestrarse. Volver a lo salvaje \u00b7 Book \u00b7 Cristian Moyano<\/title>\n<meta name=\"description\" content=\"Humans should become \u201cwild\u201d. But this is not about living in trees, it is about changing our worldview. Going \u201cwild\u201d is not about giving ...\" \/>\n<meta name=\"robots\" content=\"index, follow, max-snippet:-1, max-image-preview:large, max-video-preview:-1\" \/>\n<link rel=\"canonical\" href=\"https:\/\/cmoyano.com\/index.php\/asilvestrarse-cristian-moyano\/\" \/>\n<meta property=\"og:locale\" content=\"es_ES\" \/>\n<meta property=\"og:type\" content=\"article\" \/>\n<meta property=\"og:title\" content=\"Asilvestrarse. Volver a lo salvaje \u00b7 Book \u00b7 Cristian Moyano\" \/>\n<meta property=\"og:description\" content=\"Humans should become \u201cwild\u201d. But this is not about living in trees, it is about changing our worldview. Going \u201cwild\u201d is not about giving ...\" \/>\n<meta property=\"og:url\" content=\"https:\/\/cmoyano.com\/index.php\/asilvestrarse-cristian-moyano\/\" \/>\n<meta property=\"og:site_name\" content=\"Cristian Moyano Fernandez\" \/>\n<meta property=\"article:modified_time\" content=\"2026-01-30T14:49:16+00:00\" \/>\n<meta property=\"og:image\" content=\"https:\/\/cmoyano.com\/wp-content\/uploads\/2025\/07\/https___zahoribooks.com_wp-content_uploads_9788419889362-1.jpg\" \/>\n\t<meta property=\"og:image:width\" content=\"500\" \/>\n\t<meta property=\"og:image:height\" content=\"771\" \/>\n\t<meta property=\"og:image:type\" content=\"image\/jpeg\" \/>\n<meta name=\"twitter:card\" content=\"summary_large_image\" \/>\n<meta name=\"twitter:label1\" content=\"Tiempo de lectura\" \/>\n\t<meta name=\"twitter:data1\" content=\"2 minutos\" \/>\n<script type=\"application\/ld+json\" class=\"yoast-schema-graph\">{\"@context\":\"https:\\\/\\\/schema.org\",\"@graph\":[{\"@type\":\"WebPage\",\"@id\":\"https:\\\/\\\/cmoyano.com\\\/index.php\\\/asilvestrarse-cristian-moyano\\\/\",\"url\":\"https:\\\/\\\/cmoyano.com\\\/index.php\\\/asilvestrarse-cristian-moyano\\\/\",\"name\":\"Asilvestrarse. Volver a lo salvaje \u00b7 Book \u00b7 Cristian Moyano\",\"isPartOf\":{\"@id\":\"https:\\\/\\\/cmoyano.com\\\/#website\"},\"primaryImageOfPage\":{\"@id\":\"https:\\\/\\\/cmoyano.com\\\/index.php\\\/asilvestrarse-cristian-moyano\\\/#primaryimage\"},\"image\":{\"@id\":\"https:\\\/\\\/cmoyano.com\\\/index.php\\\/asilvestrarse-cristian-moyano\\\/#primaryimage\"},\"thumbnailUrl\":\"https:\\\/\\\/cmoyano.com\\\/wp-content\\\/uploads\\\/2025\\\/07\\\/https___zahoribooks.com_wp-content_uploads_9788419889362-1.jpg\",\"datePublished\":\"2025-07-14T11:12:41+00:00\",\"dateModified\":\"2026-01-30T14:49:16+00:00\",\"description\":\"Humans should become \u201cwild\u201d. But this is not about living in trees, it is about changing our worldview. Going \u201cwild\u201d is not about giving ...\",\"breadcrumb\":{\"@id\":\"https:\\\/\\\/cmoyano.com\\\/index.php\\\/asilvestrarse-cristian-moyano\\\/#breadcrumb\"},\"inLanguage\":\"es\",\"potentialAction\":[{\"@type\":\"ReadAction\",\"target\":[\"https:\\\/\\\/cmoyano.com\\\/index.php\\\/asilvestrarse-cristian-moyano\\\/\"]}]},{\"@type\":\"ImageObject\",\"inLanguage\":\"es\",\"@id\":\"https:\\\/\\\/cmoyano.com\\\/index.php\\\/asilvestrarse-cristian-moyano\\\/#primaryimage\",\"url\":\"https:\\\/\\\/cmoyano.com\\\/wp-content\\\/uploads\\\/2025\\\/07\\\/https___zahoribooks.com_wp-content_uploads_9788419889362-1.jpg\",\"contentUrl\":\"https:\\\/\\\/cmoyano.com\\\/wp-content\\\/uploads\\\/2025\\\/07\\\/https___zahoribooks.com_wp-content_uploads_9788419889362-1.jpg\",\"width\":500,\"height\":771,\"caption\":\"Asilvestrarse. Cristian Moyano\"},{\"@type\":\"BreadcrumbList\",\"@id\":\"https:\\\/\\\/cmoyano.com\\\/index.php\\\/asilvestrarse-cristian-moyano\\\/#breadcrumb\",\"itemListElement\":[{\"@type\":\"ListItem\",\"position\":1,\"name\":\"Portada\",\"item\":\"https:\\\/\\\/cmoyano.com\\\/\"},{\"@type\":\"ListItem\",\"position\":2,\"name\":\"Asilvestrarse\"}]},{\"@type\":\"WebSite\",\"@id\":\"https:\\\/\\\/cmoyano.com\\\/#website\",\"url\":\"https:\\\/\\\/cmoyano.com\\\/\",\"name\":\"Cristian Moyano Fernandez\",\"description\":\"Cristian Moyano PhD\",\"publisher\":{\"@id\":\"https:\\\/\\\/cmoyano.com\\\/#organization\"},\"potentialAction\":[{\"@type\":\"SearchAction\",\"target\":{\"@type\":\"EntryPoint\",\"urlTemplate\":\"https:\\\/\\\/cmoyano.com\\\/?s={search_term_string}\"},\"query-input\":{\"@type\":\"PropertyValueSpecification\",\"valueRequired\":true,\"valueName\":\"search_term_string\"}}],\"inLanguage\":\"es\"},{\"@type\":\"Organization\",\"@id\":\"https:\\\/\\\/cmoyano.com\\\/#organization\",\"name\":\"Cristian Moyano Fernandez\",\"url\":\"https:\\\/\\\/cmoyano.com\\\/\",\"logo\":{\"@type\":\"ImageObject\",\"inLanguage\":\"es\",\"@id\":\"https:\\\/\\\/cmoyano.com\\\/#\\\/schema\\\/logo\\\/image\\\/\",\"url\":\"https:\\\/\\\/cmoyano.com\\\/wp-content\\\/uploads\\\/2021\\\/06\\\/cropped-cropped-Cristian-Moyano-Fernandez-PhD-1.png\",\"contentUrl\":\"https:\\\/\\\/cmoyano.com\\\/wp-content\\\/uploads\\\/2021\\\/06\\\/cropped-cropped-Cristian-Moyano-Fernandez-PhD-1.png\",\"width\":498,\"height\":176,\"caption\":\"Cristian Moyano Fernandez\"},\"image\":{\"@id\":\"https:\\\/\\\/cmoyano.com\\\/#\\\/schema\\\/logo\\\/image\\\/\"}}]}<\/script>\n<!-- \/ Yoast SEO plugin. -->","yoast_head_json":{"title":"Asilvestrarse. Volver a lo salvaje \u00b7 Book \u00b7 Cristian Moyano","description":"Humans should become \u201cwild\u201d. But this is not about living in trees, it is about changing our worldview. Going \u201cwild\u201d is not about giving ...","robots":{"index":"index","follow":"follow","max-snippet":"max-snippet:-1","max-image-preview":"max-image-preview:large","max-video-preview":"max-video-preview:-1"},"canonical":"https:\/\/cmoyano.com\/index.php\/asilvestrarse-cristian-moyano\/","og_locale":"es_ES","og_type":"article","og_title":"Asilvestrarse. Volver a lo salvaje \u00b7 Book \u00b7 Cristian Moyano","og_description":"Humans should become \u201cwild\u201d. But this is not about living in trees, it is about changing our worldview. Going \u201cwild\u201d is not about giving ...","og_url":"https:\/\/cmoyano.com\/index.php\/asilvestrarse-cristian-moyano\/","og_site_name":"Cristian Moyano Fernandez","article_modified_time":"2026-01-30T14:49:16+00:00","og_image":[{"width":500,"height":771,"url":"https:\/\/cmoyano.com\/wp-content\/uploads\/2025\/07\/https___zahoribooks.com_wp-content_uploads_9788419889362-1.jpg","type":"image\/jpeg"}],"twitter_card":"summary_large_image","twitter_misc":{"Tiempo de lectura":"2 minutos"},"schema":{"@context":"https:\/\/schema.org","@graph":[{"@type":"WebPage","@id":"https:\/\/cmoyano.com\/index.php\/asilvestrarse-cristian-moyano\/","url":"https:\/\/cmoyano.com\/index.php\/asilvestrarse-cristian-moyano\/","name":"Asilvestrarse. Volver a lo salvaje \u00b7 Book \u00b7 Cristian Moyano","isPartOf":{"@id":"https:\/\/cmoyano.com\/#website"},"primaryImageOfPage":{"@id":"https:\/\/cmoyano.com\/index.php\/asilvestrarse-cristian-moyano\/#primaryimage"},"image":{"@id":"https:\/\/cmoyano.com\/index.php\/asilvestrarse-cristian-moyano\/#primaryimage"},"thumbnailUrl":"https:\/\/cmoyano.com\/wp-content\/uploads\/2025\/07\/https___zahoribooks.com_wp-content_uploads_9788419889362-1.jpg","datePublished":"2025-07-14T11:12:41+00:00","dateModified":"2026-01-30T14:49:16+00:00","description":"Humans should become \u201cwild\u201d. But this is not about living in trees, it is about changing our worldview. Going \u201cwild\u201d is not about giving ...","breadcrumb":{"@id":"https:\/\/cmoyano.com\/index.php\/asilvestrarse-cristian-moyano\/#breadcrumb"},"inLanguage":"es","potentialAction":[{"@type":"ReadAction","target":["https:\/\/cmoyano.com\/index.php\/asilvestrarse-cristian-moyano\/"]}]},{"@type":"ImageObject","inLanguage":"es","@id":"https:\/\/cmoyano.com\/index.php\/asilvestrarse-cristian-moyano\/#primaryimage","url":"https:\/\/cmoyano.com\/wp-content\/uploads\/2025\/07\/https___zahoribooks.com_wp-content_uploads_9788419889362-1.jpg","contentUrl":"https:\/\/cmoyano.com\/wp-content\/uploads\/2025\/07\/https___zahoribooks.com_wp-content_uploads_9788419889362-1.jpg","width":500,"height":771,"caption":"Asilvestrarse. Cristian Moyano"},{"@type":"BreadcrumbList","@id":"https:\/\/cmoyano.com\/index.php\/asilvestrarse-cristian-moyano\/#breadcrumb","itemListElement":[{"@type":"ListItem","position":1,"name":"Portada","item":"https:\/\/cmoyano.com\/"},{"@type":"ListItem","position":2,"name":"Asilvestrarse"}]},{"@type":"WebSite","@id":"https:\/\/cmoyano.com\/#website","url":"https:\/\/cmoyano.com\/","name":"Cristian Moyano Fernandez","description":"Cristian Moyano PhD","publisher":{"@id":"https:\/\/cmoyano.com\/#organization"},"potentialAction":[{"@type":"SearchAction","target":{"@type":"EntryPoint","urlTemplate":"https:\/\/cmoyano.com\/?s={search_term_string}"},"query-input":{"@type":"PropertyValueSpecification","valueRequired":true,"valueName":"search_term_string"}}],"inLanguage":"es"},{"@type":"Organization","@id":"https:\/\/cmoyano.com\/#organization","name":"Cristian Moyano Fernandez","url":"https:\/\/cmoyano.com\/","logo":{"@type":"ImageObject","inLanguage":"es","@id":"https:\/\/cmoyano.com\/#\/schema\/logo\/image\/","url":"https:\/\/cmoyano.com\/wp-content\/uploads\/2021\/06\/cropped-cropped-Cristian-Moyano-Fernandez-PhD-1.png","contentUrl":"https:\/\/cmoyano.com\/wp-content\/uploads\/2021\/06\/cropped-cropped-Cristian-Moyano-Fernandez-PhD-1.png","width":498,"height":176,"caption":"Cristian Moyano Fernandez"},"image":{"@id":"https:\/\/cmoyano.com\/#\/schema\/logo\/image\/"}}]}},"_links":{"self":[{"href":"https:\/\/cmoyano.com\/index.php\/wp-json\/wp\/v2\/pages\/390","targetHints":{"allow":["GET"]}}],"collection":[{"href":"https:\/\/cmoyano.com\/index.php\/wp-json\/wp\/v2\/pages"}],"about":[{"href":"https:\/\/cmoyano.com\/index.php\/wp-json\/wp\/v2\/types\/page"}],"author":[{"embeddable":true,"href":"https:\/\/cmoyano.com\/index.php\/wp-json\/wp\/v2\/users\/1"}],"replies":[{"embeddable":true,"href":"https:\/\/cmoyano.com\/index.php\/wp-json\/wp\/v2\/comments?post=390"}],"version-history":[{"count":2,"href":"https:\/\/cmoyano.com\/index.php\/wp-json\/wp\/v2\/pages\/390\/revisions"}],"predecessor-version":[{"id":511,"href":"https:\/\/cmoyano.com\/index.php\/wp-json\/wp\/v2\/pages\/390\/revisions\/511"}],"wp:attachment":[{"href":"https:\/\/cmoyano.com\/index.php\/wp-json\/wp\/v2\/media?parent=390"}],"curies":[{"name":"wp","href":"https:\/\/api.w.org\/{rel}","templated":true}]}}