{"id":66,"date":"2021-04-26T20:11:04","date_gmt":"2021-04-26T18:11:04","guid":{"rendered":"http:\/\/cmoyano.com\/?page_id=66"},"modified":"2025-03-07T13:28:28","modified_gmt":"2025-03-07T12:28:28","slug":"publications","status":"publish","type":"page","link":"https:\/\/cmoyano.com\/index.php\/publications\/","title":{"rendered":"Publications"},"content":{"rendered":"\n<p>Here you will find a selection of my publications: articles, book chapters, proceedings, reviews and books. <\/p>\n\n\n\n<hr class=\"wp-block-separator\"\/>\n\n\n\n<h2 class=\"wp-block-heading\"><strong>Books<\/strong><\/h2>\n\n\n\n<p><\/p>\n\n\n\n<p>5. <strong>Moyano-Fernandez, C.<\/strong> (2025). <em><a href=\"https:\/\/zahoribooks.com\/producto\/asilvestrarse\/\" target=\"_blank\" rel=\"noreferrer noopener\">Asilvestrarse. Volver a lo salvaje<\/a>.<\/em> CSIC \/ Zahor\u00ed Books. ISBN:\u00a0 978-84-19889-36-2.<\/p>\n\n\n\n<p>4.<strong> Moyano-Fern\u00e1ndez, C. <\/strong>(2025). <em><a href=\"https:\/\/www.routledge.com\/Rewilding-and-Ecological-Justice-The-Ethics-and-Politics-of-Wildlife-Regeneration\/Moyano-Fernandez\/p\/book\/9781032830810?srsltid=AfmBOooZrdQZloGodQhAjgmLU59qOjULUQxYcoOlrmSUryaBW4feT9l4\" target=\"_blank\" rel=\"noreferrer noopener\">Rewilding and Ecological Justice: The Ethics and Politics of Wildlife Regeneration<\/a>.<\/em> Routledge. ISBN: 9781032830810.<\/p>\n\n\n\n<p>3.<strong> Moyano-Fern\u00e1ndez, C.<\/strong> (Coord.). (2024). <em><a href=\"https:\/\/www.plazayvaldes.es\/libro\/puentes-salvajes\" target=\"_blank\" rel=\"noreferrer noopener\">Puentes salvajes. Una filosof\u00eda integradora para renaturalizar el Antropoceno<\/a>.<\/em> Plaza y Vald\u00e9s. ISBN: 978-84-17121-85-3.<\/p>\n\n\n\n<p>2.<strong> Moyano-Fern\u00e1ndez, C.<\/strong> (2023). <em><a href=\"https:\/\/www.plazayvaldes.es\/libro\/limites-ambientales-y-justicia-ecosocial\" target=\"_blank\" rel=\"noreferrer noopener\">L\u00edmites ambientales y justicia ecosocial. Un di\u00e1logo filos\u00f3fico con la igualdad de capacidades<\/a>. <\/em>CSIC \/ Plaza y Vald\u00e9s. ISBN: 978-84-17121-82-2.<\/p>\n\n\n\n<p>1.<strong> Moyano-Fern\u00e1ndez, C.<\/strong> (2022). <em><em><a href=\"https:\/\/www.plazayvaldes.es\/libro\/etica-del-rewilding\" target=\"_blank\" rel=\"noreferrer noopener\">\u00c9tica del rewilding<\/a><\/em>. <\/em>Plaza y Vald\u00e9s. ISBN: 978-84-17121- 44-0.<\/p>\n\n\n\n<hr class=\"wp-block-separator\"\/>\n\n\n\n<h2 class=\"wp-block-heading\"><strong>Articles<\/strong><\/h2>\n\n\n\n<p>14.<strong> Moyano-Fern\u00e1ndez, C.<\/strong>,<strong> <\/strong>Rueda, J., Delgado, J. &amp; Aus\u00edn, T. (2024). May Artificial Intelligence take health and sustainability on a honeymoon? Towards green technologies for multidimensional health and environmental justice. <em>Global Bioethics. <\/em>In press.&nbsp;<\/p>\n\n\n\n<p>13.<strong> Moyano-Fern\u00e1ndez, C.<\/strong> (2023). A multispecies coexistence based on rewilding and degrowth for the sake of global health. <em>European Journal of Public Health<\/em>, 33(2). https:\/\/doi.org\/10.1093\/eurpub\/ckad160.1176.<\/p>\n\n\n\n<p>12.<strong> Moyano-Fern\u00e1ndez, C.<\/strong> (2023). Rethinking the Environmental Virtue of Ecological Justice from the Interdependencies of Non-Human Capabilities and Synergetic Flourishing. <em>Philosophies<\/em>, 8(6). https:\/\/doi.org\/10.3390\/philosophies8060103.<\/p>\n\n\n\n<p>11.<strong> Moyano-Fern\u00e1ndez, C.<\/strong> (2023). \u00bfLa IA usada en biolog\u00eda de la conservaci\u00f3n es una buena estrategia de justicia ambiental?. <em>Daimon International Journal of Philosophy<\/em>, 90. https:\/\/doi.org\/10.6018\/daimon.561551.<\/p>\n\n\n\n<p>10. De Manuel, A., Delgado, J., Parra, I., Aus\u00edn, T., Casacuberta, D., Cruz, M., Guersenzvaig, A., <strong>Moyano-Fern\u00e1ndez, C.<\/strong>, Rodr\u00edguez-Arias, D., Rueda, J., Puyol, A. (2023). Ethical assessments and mitigation strategies for non-racial biases in AI-systems used during the COVID-19 pandemic. <em>Big Data &amp; Society<\/em>. https:\/\/doi.org\/10.1177\/20539517231179199.<\/p>\n\n\n\n<p>9.<strong> Moyano-Fern\u00e1ndez, C.<\/strong> (2022). La salud desde la justicia ecol\u00f3gica: de la regeneraci\u00f3n de la naturaleza salvaje a la prevenci\u00f3n de futuras pandemias. <em>Revista Espa\u00f1ola de Salud P\u00fablica<\/em>, 96.<\/p>\n\n\n\n<p>8.<strong> Moyano-Fern\u00e1ndez, C.<\/strong> (2022). The moral pitfalls of cultivated meat: complementing utilitarian perspective with eco-republican justice approach. <em>Journal of Agricultural &amp; Environmental Ethics<\/em>, 36(23). https:\/\/doi.org\/10.1007\/s10806-022-09896-1.<\/p>\n\n\n\n<p>7.<strong> Moyano-Fern\u00e1ndez, C.<\/strong> (2022). Building ecological solidarity: rewilding practices as an example. <em>Philosophies<\/em>, 77(7). https:\/\/doi.org\/10.3390\/philosophies7040077.<\/p>\n\n\n\n<p>6. Delgado, J., De Manuel, A., Parra, J., <strong>Moyano-Fern\u00e1ndez, C.<\/strong>, Rueda, J., Guersenzvaig, A. Aus\u00edn, T., Cruz, M., Casacuberta, D., &amp; Puyol, A. (2022). Bias In Algorithms Of AI Systems Developed For COVID-19: A Scoping Review. <em>Bioethical Inquiry<\/em>, 19: 407-419. https:\/\/doi.org\/10.1007\/s11673-022-10200-z.<\/p>\n\n\n\n<p>5. Casacuberta, D., Guersenzvaig, A., &amp; <strong>Moyano-Fern\u00e1ndez, C.<\/strong> (2022). Justificatory explanations in machine learning: for increased transparency through documenting how key concepts drive and underpin design and engineering decisions. <em>AI and Society<\/em>, 39: 279-293. https:\/\/doi.org\/10.1007\/s00146-022-01389-z.<\/p>\n\n\n\n<p>4.<strong> Moyano-Fern\u00e1ndez, C.<\/strong> (2021). Investigando en animales para producir alimentos m\u00e1s \u00e9ticos: los l\u00edmites morales de la carne cultivada. <em>Rev Bio y Der<\/em>, 51. https:\/\/doi.org\/10.1344\/rbd2021.51.32473.<\/p>\n\n\n\n<p>3.<strong> Moyano-Fern\u00e1ndez, C.<\/strong> (2018). \u00bfFraternidad pol\u00edtica con los animales? Hacia una justicia interespec\u00edfica. <em>Daimon International Journal of Philosophy<\/em>, 7. https:\/\/doi.org\/10.6018\/daimon\/333791.<\/p>\n\n\n\n<p>2.<strong> Moyano-Fern\u00e1ndez, C.<\/strong> (2018). \u00bfAlimentarnos libremente o por igual? Solidaridad e identidad.<em> Rev Bio y Der<\/em>, 42, ISNN 1886-5887.&nbsp;<\/p>\n\n\n\n<p>1.<strong> Moyano-Fern\u00e1ndez, C.<\/strong> (2016). Naturalesa humana com a desenvolupament hum\u00e0: superant el reconeixement i l&#8217;autonomia efectiva. <em>Filosofia, Ara! Revista per a pensar<\/em>, vol. 2, n. 2. ISNN 2462-3865.<\/p>\n\n\n\n<hr class=\"wp-block-separator has-text-color has-background has-white-background-color has-white-color\"\/>\n\n\n\n<h2 class=\"wp-block-heading\"><strong>Book chapters <\/strong><\/h2>\n\n\n\n<p>5. <strong>Moyano-Fernandez, C. <\/strong>(2024). Una revisi\u00f3n epistemol\u00f3gica de las zoonosis: repensando el alcance normativo de nuestros deberes preventivos para la salud. In: <em>La medicina en vivo. Cuestiones filos\u00f3ficas sobre la salud y la enfermedad.<\/em> Universidad Aut\u00f3noma de Aguascalientes. pp. 221-242. ISBN 978-607-8972-61-6.<\/p>\n\n\n\n<p>4.<strong> Moyano-Fern\u00e1ndez, C.<\/strong> &amp; Rueda, J. (2024). AI, Sustainability and Environmental Ethics. In: Lara, F. &amp; Deckers, J. (Eds.), <em>Ethics Of Artificial Intelligence<\/em>. Springer.<\/p>\n\n\n\n<p>3.<strong> Moyano-Fernandez, C.<\/strong>, Garrido-Soler, S., Del Rio, J., Rodriguez-Navas, G, Cassanet, L. (2022). When the community takes action: building resilience through the Transition Movement in Spain. A critical assessment. In: Colucci, A. &amp; Pesaro, G. (Eds.), <em>Ecosystems of Resilience Practices: Contributions for Sustainability and Climate Change Adaptation<\/em>. Elsevier.<\/p>\n\n\n\n<p>2. Pesaro, G., Colucci, A., Almeida-Brazil, E.T., Barroso-Miranda, T. Dechamma, C.S., del R\u00edo, J., Cl\u00e1udia, A., Cardoso, D., Ferreira-Lima, J.J., Garrido-Soler, S., <strong>Moyano-Fern\u00e1ndez, C.<\/strong>, Nagendra, H., Rodriguez-Navas, G. &amp; Sen, A. (2022). Rethinking resilience practices before and after the Covid-19 crisis. In: Colucci, A. &amp; Pesaro, G. (Eds.), <em>Ecosystems of Resilience Practices: Contributions for Sustainability and Climate Change Adaptation<\/em>. Elsevier.<\/p>\n\n\n\n<p>1.<strong> Moyano-Fern\u00e1ndez, C.<\/strong> &amp; Puyol, A. (2021). \u00bfEl Antropoceno nos invita a democratizar ecol\u00f3gicamente nuestra alimentaci\u00f3n?. In: Estany, A. &amp; Gensollen, M. (Eds.), <em>Dise\u00f1o institucional e innovaciones democr\u00e1ticas<\/em>. Universidad Aut\u00f3noma de Aguascalientes.<\/p>\n\n\n\n<hr class=\"wp-block-separator has-text-color has-background has-white-background-color has-white-color\"\/>\n\n\n\n<h2 class=\"wp-block-heading\"><strong>Proceedings chapters<\/strong><\/h2>\n\n\n\n<div class=\"wp-block-group\"><div class=\"wp-block-group__inner-container is-layout-flow wp-block-group-is-layout-flow\">\n<p>3.<strong> Moyano-Fern\u00e1ndez, C.<\/strong> (2022). Rewilding identitary foodscapes: moral challenges from multispecies justice. In: Bruce, D. &amp; Bruce, A. (Eds.), <em>Transforming Food Systems: ethics, innovation and responsibility<\/em>. Wageningen Academic Publishers. ISBN 978-90-8686-387-7. https:\/\/doi.org\/10.3920\/978-90-8686-939-8.<\/p>\n\n\n\n<p>2.<strong> Moyano-Fern\u00e1ndez, C.<\/strong> (2021). The loss of food sovereignty in synthetic meat transition: a critique from eco-republicanism. In: Sch\u00fcbel, H. &amp; Wallimann-Helmer, I. (Eds.), <em>Justice and Food Security in a Changing Climate<\/em>. Wageningen Academic Publishers. ISBN 978-90-8686-362-4. https:\/\/doi.org\/10.3920\/978-90-8686-915-2.<\/p>\n\n\n\n<p>1.<strong> Moyano-Fern\u00e1ndez, C.<\/strong> (2018). Identity or Solidarity Food? Ex-ante Responsibility as a Fair Culture Approach. In: Springer, S. &amp; Grimm, H. (Eds.), <em>Professionals in Food Chains<\/em>. Wageningen Academic Publishers. ISBN 978-90-8686-321-1. https:\/\/doi.org\/10.3920\/978-90-8686-869-8.<\/p>\n\n\n\n<hr class=\"wp-block-separator\"\/>\n<\/div><\/div>\n\n\n\n<h2 class=\"wp-block-heading\"><strong>Books reviews<\/strong><\/h2>\n\n\n\n<div class=\"wp-block-group\"><div class=\"wp-block-group__inner-container is-layout-flow wp-block-group-is-layout-flow\">\n<p>4.<strong> Moyano-Fern\u00e1ndez, C.<\/strong> (2023). Review of \u00abSimbio\u00e9tica. Homo Sapiens en el entramado de la vida\u00bb by Jorge Riechmann. <em>Papeles de relaciones ecosociales y cambio global<\/em>, 161. May 2023.&nbsp;<\/p>\n\n\n\n<p>3.<strong> Moyano-Fern\u00e1ndez, C.<\/strong> (2022). Review of \u00abDeudas pendientes: La justicia entre generaciones\u00bb by Irene G\u00f3mez Franco. <em>Enrahonar: an international journal of theoretical and practical reason<\/em>, 69. https:\/\/doi.org\/10.5565\/rev\/enrahonar.1368.<\/p>\n\n\n\n<p>2.<strong> Moyano-Fern\u00e1ndez, C.<\/strong> (2022). Review of \u00abEcoanimal: una est\u00e9tica plurisensorial, ecologista y animalista\u00bb by Marta Tafalla. <em>Enrahonar: an international journal of theoretical and practical reason<\/em>, 68. https:\/\/doi.org\/10.5565\/rev\/enrahonar.1418.<\/p>\n\n\n\n<p>1.<strong> Moyano-Fern\u00e1ndez, C.<\/strong> (2018). Review of \u00abThe Most Good You Can Do: How Effective Altruism Is Changing\u00bb by Peter Singer. <em>Enrahonar: an international journal of theoretical and practical reason<\/em>, 60. https:\/\/doi.org\/10.5565\/rev\/enrahonar.1194.<\/p>\n\n\n\n<hr class=\"wp-block-separator\"\/>\n<\/div><\/div>\n\n\n\n<h2 class=\"wp-block-heading\"><strong>Others<\/strong><\/h2>\n\n\n\n<p>1.<strong> Moyano-Fern\u00e1ndez, C.<\/strong> (2024). Entry \u00abEcolog\u00eda profunda\u00bb. In: Camargo, B.A., Castillo-Villar, R.G. &amp; Portales, L.E. (Coords.), <em>Enciclopedia de Sostenibilidad, \u00c9tica y Responsabilidad Social Empresarial en Am\u00e9rica Latina<\/em>. Tirant lo Blanch. ISBN: 978-84-1197-754-8.<\/p>\n\n\n\n<hr class=\"wp-block-separator has-text-color has-background has-white-background-color has-white-color\"\/>\n\n\n\n<p>You can consult also my <\/p>\n\n\n\n<ul class=\"wp-block-list\"><li><a href=\"http:\/\/cmoyano.com\/index.php\/communications\" target=\"_blank\" rel=\"noreferrer noopener\">communications <\/a><\/li><li><a href=\"http:\/\/cmoyano.com\/index.php\/projects\/\" target=\"_blank\" rel=\"noreferrer noopener\">projects<\/a> <\/li><li><a href=\"http:\/\/cmoyano.com\/index.php\/news\/\" target=\"_blank\" rel=\"noreferrer noopener\">work in progress news<\/a><\/li><li><a href=\"http:\/\/cmoyano.com\/index.php\/curriculum-vitae\/\" target=\"_blank\" rel=\"noreferrer noopener\">CV <\/a><\/li><\/ul>\n","protected":false},"excerpt":{"rendered":"<p>Here you will find a selection of my publications: articles, book chapters, proceedings, reviews and books. Books 5. Moyano-Fernandez, C. (2025). Asilvestrarse. Volver a lo salvaje. CSIC \/ Zahor\u00ed Books. ISBN:\u00a0 978-84-19889-36-2. 4. Moyano-Fern\u00e1ndez, C. (2025). Rewilding and Ecological Justice: The Ethics and Politics of Wildlife Regeneration. Routledge. ISBN: 9781032830810. 3. Moyano-Fern\u00e1ndez, C. (Coord.). (2024). [&hellip;]<\/p>\n","protected":false},"author":1,"featured_media":0,"parent":0,"menu_order":0,"comment_status":"closed","ping_status":"closed","template":"","meta":{"zakra_page_container_layout":"contained","zakra_page_sidebar_layout":"no_sidebar","zakra_remove_content_margin":false,"zakra_sidebar":"customizer","zakra_transparent_header":"customizer","zakra_logo":0,"zakra_main_header_style":"zak-layout-1-style-1","zakra_menu_item_color":"","zakra_menu_item_hover_color":"","zakra_menu_item_active_color":"","zakra_menu_active_style":"","zakra_page_header":true,"footnotes":""},"class_list":["post-66","page","type-page","status-publish","hentry"],"yoast_head":"<!-- This site is optimized with the Yoast SEO plugin v27.3 - https:\/\/yoast.com\/product\/yoast-seo-wordpress\/ -->\n<title>Publications - Cristian Moyano Fernandez PhD - CMoyano.com<\/title>\n<meta name=\"description\" content=\"Here you will find Cristian Moyano Fern\u00e1ndez&#039;s publications selection list. It includes articles, book chapters, proceedings, reviews...\" \/>\n<meta name=\"robots\" content=\"index, follow, max-snippet:-1, max-image-preview:large, max-video-preview:-1\" \/>\n<link rel=\"canonical\" href=\"https:\/\/cmoyano.com\/index.php\/publications\/\" \/>\n<meta property=\"og:locale\" content=\"es_ES\" \/>\n<meta property=\"og:type\" content=\"article\" \/>\n<meta property=\"og:title\" content=\"Publications - Cristian Moyano Fernandez PhD - CMoyano.com\" \/>\n<meta property=\"og:description\" content=\"Here you will find Cristian Moyano Fern\u00e1ndez&#039;s publications selection list. It includes articles, book chapters, proceedings, reviews...\" \/>\n<meta property=\"og:url\" content=\"https:\/\/cmoyano.com\/index.php\/publications\/\" \/>\n<meta property=\"og:site_name\" content=\"Cristian Moyano Fernandez\" \/>\n<meta property=\"article:modified_time\" content=\"2025-03-07T12:28:28+00:00\" \/>\n<meta name=\"twitter:card\" content=\"summary_large_image\" \/>\n<meta name=\"twitter:label1\" content=\"Tiempo de lectura\" \/>\n\t<meta name=\"twitter:data1\" content=\"5 minutos\" \/>\n<script type=\"application\/ld+json\" class=\"yoast-schema-graph\">{\"@context\":\"https:\\\/\\\/schema.org\",\"@graph\":[{\"@type\":\"WebPage\",\"@id\":\"https:\\\/\\\/cmoyano.com\\\/index.php\\\/publications\\\/\",\"url\":\"https:\\\/\\\/cmoyano.com\\\/index.php\\\/publications\\\/\",\"name\":\"Publications - Cristian Moyano Fernandez PhD - CMoyano.com\",\"isPartOf\":{\"@id\":\"https:\\\/\\\/cmoyano.com\\\/#website\"},\"datePublished\":\"2021-04-26T18:11:04+00:00\",\"dateModified\":\"2025-03-07T12:28:28+00:00\",\"description\":\"Here you will find Cristian Moyano Fern\u00e1ndez's publications selection list. It includes articles, book chapters, proceedings, reviews...\",\"breadcrumb\":{\"@id\":\"https:\\\/\\\/cmoyano.com\\\/index.php\\\/publications\\\/#breadcrumb\"},\"inLanguage\":\"es\",\"potentialAction\":[{\"@type\":\"ReadAction\",\"target\":[\"https:\\\/\\\/cmoyano.com\\\/index.php\\\/publications\\\/\"]}]},{\"@type\":\"BreadcrumbList\",\"@id\":\"https:\\\/\\\/cmoyano.com\\\/index.php\\\/publications\\\/#breadcrumb\",\"itemListElement\":[{\"@type\":\"ListItem\",\"position\":1,\"name\":\"Portada\",\"item\":\"https:\\\/\\\/cmoyano.com\\\/\"},{\"@type\":\"ListItem\",\"position\":2,\"name\":\"Publications\"}]},{\"@type\":\"WebSite\",\"@id\":\"https:\\\/\\\/cmoyano.com\\\/#website\",\"url\":\"https:\\\/\\\/cmoyano.com\\\/\",\"name\":\"Cristian Moyano Fernandez\",\"description\":\"Cristian Moyano PhD\",\"publisher\":{\"@id\":\"https:\\\/\\\/cmoyano.com\\\/#organization\"},\"potentialAction\":[{\"@type\":\"SearchAction\",\"target\":{\"@type\":\"EntryPoint\",\"urlTemplate\":\"https:\\\/\\\/cmoyano.com\\\/?s={search_term_string}\"},\"query-input\":{\"@type\":\"PropertyValueSpecification\",\"valueRequired\":true,\"valueName\":\"search_term_string\"}}],\"inLanguage\":\"es\"},{\"@type\":\"Organization\",\"@id\":\"https:\\\/\\\/cmoyano.com\\\/#organization\",\"name\":\"Cristian Moyano Fernandez\",\"url\":\"https:\\\/\\\/cmoyano.com\\\/\",\"logo\":{\"@type\":\"ImageObject\",\"inLanguage\":\"es\",\"@id\":\"https:\\\/\\\/cmoyano.com\\\/#\\\/schema\\\/logo\\\/image\\\/\",\"url\":\"https:\\\/\\\/cmoyano.com\\\/wp-content\\\/uploads\\\/2021\\\/06\\\/cropped-cropped-Cristian-Moyano-Fernandez-PhD-1.png\",\"contentUrl\":\"https:\\\/\\\/cmoyano.com\\\/wp-content\\\/uploads\\\/2021\\\/06\\\/cropped-cropped-Cristian-Moyano-Fernandez-PhD-1.png\",\"width\":498,\"height\":176,\"caption\":\"Cristian Moyano Fernandez\"},\"image\":{\"@id\":\"https:\\\/\\\/cmoyano.com\\\/#\\\/schema\\\/logo\\\/image\\\/\"}}]}<\/script>\n<!-- \/ Yoast SEO plugin. -->","yoast_head_json":{"title":"Publications - Cristian Moyano Fernandez PhD - CMoyano.com","description":"Here you will find Cristian Moyano Fern\u00e1ndez's publications selection list. It includes articles, book chapters, proceedings, reviews...","robots":{"index":"index","follow":"follow","max-snippet":"max-snippet:-1","max-image-preview":"max-image-preview:large","max-video-preview":"max-video-preview:-1"},"canonical":"https:\/\/cmoyano.com\/index.php\/publications\/","og_locale":"es_ES","og_type":"article","og_title":"Publications - Cristian Moyano Fernandez PhD - CMoyano.com","og_description":"Here you will find Cristian Moyano Fern\u00e1ndez's publications selection list. It includes articles, book chapters, proceedings, reviews...","og_url":"https:\/\/cmoyano.com\/index.php\/publications\/","og_site_name":"Cristian Moyano Fernandez","article_modified_time":"2025-03-07T12:28:28+00:00","twitter_card":"summary_large_image","twitter_misc":{"Tiempo de lectura":"5 minutos"},"schema":{"@context":"https:\/\/schema.org","@graph":[{"@type":"WebPage","@id":"https:\/\/cmoyano.com\/index.php\/publications\/","url":"https:\/\/cmoyano.com\/index.php\/publications\/","name":"Publications - Cristian Moyano Fernandez PhD - CMoyano.com","isPartOf":{"@id":"https:\/\/cmoyano.com\/#website"},"datePublished":"2021-04-26T18:11:04+00:00","dateModified":"2025-03-07T12:28:28+00:00","description":"Here you will find Cristian Moyano Fern\u00e1ndez's publications selection list. It includes articles, book chapters, proceedings, reviews...","breadcrumb":{"@id":"https:\/\/cmoyano.com\/index.php\/publications\/#breadcrumb"},"inLanguage":"es","potentialAction":[{"@type":"ReadAction","target":["https:\/\/cmoyano.com\/index.php\/publications\/"]}]},{"@type":"BreadcrumbList","@id":"https:\/\/cmoyano.com\/index.php\/publications\/#breadcrumb","itemListElement":[{"@type":"ListItem","position":1,"name":"Portada","item":"https:\/\/cmoyano.com\/"},{"@type":"ListItem","position":2,"name":"Publications"}]},{"@type":"WebSite","@id":"https:\/\/cmoyano.com\/#website","url":"https:\/\/cmoyano.com\/","name":"Cristian Moyano Fernandez","description":"Cristian Moyano PhD","publisher":{"@id":"https:\/\/cmoyano.com\/#organization"},"potentialAction":[{"@type":"SearchAction","target":{"@type":"EntryPoint","urlTemplate":"https:\/\/cmoyano.com\/?s={search_term_string}"},"query-input":{"@type":"PropertyValueSpecification","valueRequired":true,"valueName":"search_term_string"}}],"inLanguage":"es"},{"@type":"Organization","@id":"https:\/\/cmoyano.com\/#organization","name":"Cristian Moyano Fernandez","url":"https:\/\/cmoyano.com\/","logo":{"@type":"ImageObject","inLanguage":"es","@id":"https:\/\/cmoyano.com\/#\/schema\/logo\/image\/","url":"https:\/\/cmoyano.com\/wp-content\/uploads\/2021\/06\/cropped-cropped-Cristian-Moyano-Fernandez-PhD-1.png","contentUrl":"https:\/\/cmoyano.com\/wp-content\/uploads\/2021\/06\/cropped-cropped-Cristian-Moyano-Fernandez-PhD-1.png","width":498,"height":176,"caption":"Cristian Moyano Fernandez"},"image":{"@id":"https:\/\/cmoyano.com\/#\/schema\/logo\/image\/"}}]}},"_links":{"self":[{"href":"https:\/\/cmoyano.com\/index.php\/wp-json\/wp\/v2\/pages\/66","targetHints":{"allow":["GET"]}}],"collection":[{"href":"https:\/\/cmoyano.com\/index.php\/wp-json\/wp\/v2\/pages"}],"about":[{"href":"https:\/\/cmoyano.com\/index.php\/wp-json\/wp\/v2\/types\/page"}],"author":[{"embeddable":true,"href":"https:\/\/cmoyano.com\/index.php\/wp-json\/wp\/v2\/users\/1"}],"replies":[{"embeddable":true,"href":"https:\/\/cmoyano.com\/index.php\/wp-json\/wp\/v2\/comments?post=66"}],"version-history":[{"count":23,"href":"https:\/\/cmoyano.com\/index.php\/wp-json\/wp\/v2\/pages\/66\/revisions"}],"predecessor-version":[{"id":333,"href":"https:\/\/cmoyano.com\/index.php\/wp-json\/wp\/v2\/pages\/66\/revisions\/333"}],"wp:attachment":[{"href":"https:\/\/cmoyano.com\/index.php\/wp-json\/wp\/v2\/media?parent=66"}],"curies":[{"name":"wp","href":"https:\/\/api.w.org\/{rel}","templated":true}]}}