{"id":68,"date":"2021-04-26T20:11:44","date_gmt":"2021-04-26T18:11:44","guid":{"rendered":"http:\/\/cmoyano.com\/?page_id=68"},"modified":"2024-03-01T16:12:37","modified_gmt":"2024-03-01T15:12:37","slug":"communications","status":"publish","type":"page","link":"https:\/\/cmoyano.com\/index.php\/communications\/","title":{"rendered":"Communications"},"content":{"rendered":"\n<p>I have delivered communications as a participant in several conferences and seminars, both international and local. Here you have a summary of them. <\/p>\n\n\n\n<hr class=\"wp-block-separator\"\/>\n\n\n\n<h2 class=\"wp-block-heading\"><strong>International Conferences<\/strong><\/h2>\n\n\n\n<p>20. \u00abA multispecies coexistence based on rewilding and degrowth for the sake of global health\u00bb, 16th European Public Health Conference 2023, Dublin (Ireland), 9th November 2023.<\/p>\n\n\n\n<p>19. \u00abEthics of rewilding in the Anthropocene\u00bb, VIII International Conference on Contemporary Philosophical Thought: Philosophy and Ruralities, Porr\u00faa (Spain), 8th October 2023.<\/p>\n\n\n\n<p>18. \u00abThe tricky scope of the fourth C in rewilding\u00bb, (Un)Common Worlds III Conference: Navigating Biodiverse Anthropocenes, Oulu (Finland), 4th October 2023.<\/p>\n\n\n\n<p>17. \u00abCarnivores, cores, corridors, and&#8230;? The ethical threshold of the fourth C in rewilding\u00bb. I Congreso Internacional de Humanidades Ecol\u00f3gicas. Universidad Aut\u00f3noma de Madrid. 22nd May 2023.&nbsp;<\/p>\n\n\n\n<p>16. \u00abRewilding in the Anthropocene: towards a wilder coexistence\u00bb, IV International Congress of Human Rights and Globalization, Tenerife (Canarias Islands, Spain), 27th March 2023.<\/p>\n\n\n\n<p>15. \u00abIs artificial intelligence an ethical strategy to secure wildlife?\u00bb, XXI AEEFP Conference. Castell\u00f3n (Spain), 3rd February 2023.<\/p>\n\n\n\n<p>14. \u00abHealth from ecological justice\u00bb, VI Iberoamerican Conference of Philosophy, Porto (Portugal), 23rd January 2023.<\/p>\n\n\n\n<p>13. \u00abRewilding identitary foodscapes: moral challenges from multispecies justice\u00bb, Eursafe Congress 2022, Edinburgh (United Kingdom), 8th September 2022.<\/p>\n\n\n\n<p>12. \u00abHealth disparities in AI-based medical triage and contact tracing during the COVID-19 pandemic\u00bb, World Congress of Bioethics 2022, Basel (Switzerland), 22nd July 2022.<\/p>\n\n\n\n<p>11. \u00abThe Loss of Food Sovereignty in Synthetic Meat Transition: A Critique from Eco-Republicanism Justice\u00bb, Eursafe Congress 2021, Fribourg (Switzerland), 25th June 2021.<\/p>\n\n\n\n<p>10. \u00ab\u00bfSer\u00e1 justo y sostenible alimentarse con carne cultivada en un futuro post-covid?\u00bb, VII Congreso Internacional de Bioderecho, Murcia (Spain), 15th April 2021.<\/p>\n\n\n\n<p>9. \u00abEcosystems Managed by Humans or Humans Managed by Ecosystems? Synergetic Flourishing from a Non-Anthropocentric View\u00bb, HDCA Conference, London (United Kingdom), 11th September 2019.<\/p>\n\n\n\n<p>8. \u00abThe food global syndemic: feedback dynamics between malnutrition and climate change\u00bb, II International Conference on Philosophy of Public Health, Barcelona (Spain), 6th June 2019.<\/p>\n\n\n\n<p>7. \u00abThe Fish or the Bear? Towards an Integrationist Comprehension and Interdependent Responsibility in Nature Protection Movements\u00bb, EACAS Conference, Barcelona (Spain), 25th May 2019.<\/p>\n\n\n\n<p>6. \u00abThe ecological limits of capabilities equality\u00bb, XIX AEEFP Conference, Ferrol (Spain), 3th October 2018.<\/p>\n\n\n\n<p>5. \u00abIs it fair that animals have political rights of fraternity or solidarity?\u00bb, 2018 Rethinking Animality Conference, Santiago de Compostela (Spain), 26th September 2018.<\/p>\n\n\n\n<p>4. \u00abThe right to a solidarity beyond the walls, the species and the present time\u00bb, (Un)Common Worlds: Human-Animal Studies Conference 2018, Turku (Finland), 7th August 2018.<\/p>\n\n\n\n<p>3. \u00abIdentity or solidarity food? Ex-ante responsibility as a fair culture approach\u00bb, EurSafe Congress 2018, Vienna (Austria), 15th June 2018.<\/p>\n\n\n\n<p>2. \u00abFragmented food autonomy: meat industry as a social determinant of health and counter-capability factor\u00bb, 2017 EACME Annual Conference, Barcelona (Spain), 7th September 2017.<\/p>\n\n\n\n<p>1. \u00abJusticia intergeneracional en salud desde la biolog\u00eda evo-devo: epigen\u00e9tica como revoluci\u00f3n de la autonom\u00eda\u00bb, IV Iberoamerican Conference of Philosophy of Science and Technology, Salamanca (Spain), 6th July 2017.<\/p>\n\n\n\n<div class=\"wp-block-group\"><div class=\"wp-block-group__inner-container is-layout-flow wp-block-group-is-layout-flow\">\n<div class=\"wp-block-group\"><div class=\"wp-block-group__inner-container is-layout-flow wp-block-group-is-layout-flow\">\n<hr class=\"wp-block-separator\"\/>\n<\/div><\/div>\n<\/div><\/div>\n\n\n\n<h2 class=\"wp-block-heading\"><strong>Local Workshops, Seminars and Roundtables<\/strong><\/h2>\n\n\n\n<p>Participation in Roundtable, Solidaridad Internacional Andaluc\u00eda: <em>Estrategias y pr\u00e1cticas agroecol\u00f3gicas y de renaturalizaci\u00f3n. Construyendo resiliencia en el medio rural y urbano ante el colapso<\/em>, 17th May 2021, virtual.<\/p>\n\n\n\n<p>Communication \u00abLas contracapacidades del desarrollo humano: hacia un florecimiento sinerg\u00e9tico\u00bb, ESPACyOS: <em>Seminario \u00e9ticas aplicadas<\/em>, 14th May 2021, virtual.<\/p>\n\n\n\n<p>Communication \u00ab\u00bfCu\u00e1les deben ser los elementos pr\u00e1cticos centrales para consolidar una transici\u00f3n hacia la sostenibilidad?\u00bb, UPV\/EHU &amp; HEGOA Institute: <em>Sostenibilidad ecol\u00f3gica: explorando caminos de transici\u00f3n<\/em>, 29th October 2020, virtual.<\/p>\n\n\n\n<p>Participation in Roundtable, Agenda 2030-Gobierno de Espa\u00f1a: <em>Reconstruir lo com\u00fan: tejiendo alianzas para una estrategia de desarrollo sostenible<\/em>, 15th October 2020, virtual.<\/p>\n\n\n\n<p>Facilitator and chair \u00abRethinking Transition 2020: Repensando la transici\u00f3n a la luz de los nuevos movimientos ecosociales\u00bb, organized by Red de Transici\u00f3n with the support of Transition Network and Ecolise, 19th September, virtual.<\/p>\n\n\n\n<p>Participation in Roundtable, TECNOCOG research group-UAB: <em>Epistemolog\u00eda e innovaci\u00f3n en medicina<\/em>,, 11th March 2020, Autonomous University of Barcelona.<\/p>\n\n\n\n<p>Keynote communication \u00abLos efectos de la ganader\u00eda intensiva\u00bb, IQS-URL, 28th February 2020, Institut Qu\u00edmic Sarri\u00e0-Ramon Llull University.&nbsp;<\/p>\n\n\n\n<p>Keynote communication \u00abGanader\u00eda industrial: \u00bfuna llamada a la moralidad?\u00bb, Ca Revolta Valencia, 5th November 2020, virtual.<\/p>\n\n\n\n<p>Organization of Seminars series \u00abInterdependencia: nuevo paradigma, nueva civilizaci\u00f3n\u00bb, in collaboration with Esther Molina (UdG), March-May 2018, Autonomous University of Barcelona.<\/p>\n\n\n\n<p>Organization of Seminars series \u00abFilosof\u00eda de la biolog\u00eda, \u00c9tica y Salud\u00bb, in collaboration with M\u00f3nica Delgado (UAB), February-May 2017, Autonomous University of Barcelona.<\/p>\n\n\n\n<p>Flashtalk \u00abLa autonom\u00eda y la justicia tras el transhumanismo\u00bb, UAB: <em>Jornada Retos de la Filosof\u00eda Contempor\u00e1nea, El Transhumanismo<\/em>, 15th February 2017, Autonomous University of Barcelona.&nbsp;<\/p>\n\n\n\n<p><\/p>\n\n\n\n<hr class=\"wp-block-separator has-text-color has-background has-black-background-color has-black-color\"\/>\n\n\n\n<p>You can also consult my<\/p>\n\n\n\n<ul class=\"wp-block-list\"><li><a href=\"http:\/\/cmoyano.com\/index.php\/publications\/\" target=\"_blank\" rel=\"noreferrer noopener\">publications<\/a><\/li><li><a href=\"http:\/\/cmoyano.com\/index.php\/projects\/\" target=\"_blank\" rel=\"noreferrer noopener\">projects<\/a><\/li><li><a href=\"http:\/\/cmoyano.com\/index.php\/curriculum-vitae\/\" target=\"_blank\" rel=\"noreferrer noopener\">CV<\/a><\/li><\/ul>\n","protected":false},"excerpt":{"rendered":"<p>I have delivered communications as a participant in several conferences and seminars, both international and local. Here you have a summary of them. International Conferences 20. \u00abA multispecies coexistence based on rewilding and degrowth for the sake of global health\u00bb, 16th European Public Health Conference 2023, Dublin (Ireland), 9th November 2023. 19. \u00abEthics of rewilding [&hellip;]<\/p>\n","protected":false},"author":1,"featured_media":0,"parent":0,"menu_order":0,"comment_status":"closed","ping_status":"closed","template":"","meta":{"zakra_page_container_layout":"contained","zakra_page_sidebar_layout":"no_sidebar","zakra_remove_content_margin":false,"zakra_sidebar":"customizer","zakra_transparent_header":"customizer","zakra_logo":0,"zakra_main_header_style":"zak-layout-1-style-1","zakra_menu_item_color":"","zakra_menu_item_hover_color":"","zakra_menu_item_active_color":"","zakra_menu_active_style":"","zakra_page_header":true,"footnotes":""},"class_list":["post-68","page","type-page","status-publish","hentry"],"yoast_head":"<!-- This site is optimized with the Yoast SEO plugin v27.3 - https:\/\/yoast.com\/product\/yoast-seo-wordpress\/ -->\n<title>Communications - Cristian Moyano Fernandez PhD<\/title>\n<meta name=\"description\" content=\"I have participated in several conferences and seminars, both international and local, delivering academic communications. Here you ...\" \/>\n<meta name=\"robots\" content=\"index, follow, max-snippet:-1, max-image-preview:large, max-video-preview:-1\" \/>\n<link rel=\"canonical\" href=\"https:\/\/cmoyano.com\/index.php\/communications\/\" \/>\n<meta property=\"og:locale\" content=\"es_ES\" \/>\n<meta property=\"og:type\" content=\"article\" \/>\n<meta property=\"og:title\" content=\"Communications - Cristian Moyano Fernandez PhD\" \/>\n<meta property=\"og:description\" content=\"I have participated in several conferences and seminars, both international and local, delivering academic communications. Here you ...\" \/>\n<meta property=\"og:url\" content=\"https:\/\/cmoyano.com\/index.php\/communications\/\" \/>\n<meta property=\"og:site_name\" content=\"Cristian Moyano Fernandez\" \/>\n<meta property=\"article:modified_time\" content=\"2024-03-01T15:12:37+00:00\" \/>\n<meta name=\"twitter:card\" content=\"summary_large_image\" \/>\n<meta name=\"twitter:label1\" content=\"Tiempo de lectura\" \/>\n\t<meta name=\"twitter:data1\" content=\"4 minutos\" \/>\n<script type=\"application\/ld+json\" class=\"yoast-schema-graph\">{\"@context\":\"https:\\\/\\\/schema.org\",\"@graph\":[{\"@type\":\"WebPage\",\"@id\":\"https:\\\/\\\/cmoyano.com\\\/index.php\\\/communications\\\/\",\"url\":\"https:\\\/\\\/cmoyano.com\\\/index.php\\\/communications\\\/\",\"name\":\"Communications - Cristian Moyano Fernandez PhD\",\"isPartOf\":{\"@id\":\"https:\\\/\\\/cmoyano.com\\\/#website\"},\"datePublished\":\"2021-04-26T18:11:44+00:00\",\"dateModified\":\"2024-03-01T15:12:37+00:00\",\"description\":\"I have participated in several conferences and seminars, both international and local, delivering academic communications. Here you ...\",\"breadcrumb\":{\"@id\":\"https:\\\/\\\/cmoyano.com\\\/index.php\\\/communications\\\/#breadcrumb\"},\"inLanguage\":\"es\",\"potentialAction\":[{\"@type\":\"ReadAction\",\"target\":[\"https:\\\/\\\/cmoyano.com\\\/index.php\\\/communications\\\/\"]}]},{\"@type\":\"BreadcrumbList\",\"@id\":\"https:\\\/\\\/cmoyano.com\\\/index.php\\\/communications\\\/#breadcrumb\",\"itemListElement\":[{\"@type\":\"ListItem\",\"position\":1,\"name\":\"Portada\",\"item\":\"https:\\\/\\\/cmoyano.com\\\/\"},{\"@type\":\"ListItem\",\"position\":2,\"name\":\"Communications\"}]},{\"@type\":\"WebSite\",\"@id\":\"https:\\\/\\\/cmoyano.com\\\/#website\",\"url\":\"https:\\\/\\\/cmoyano.com\\\/\",\"name\":\"Cristian Moyano Fernandez\",\"description\":\"Cristian Moyano PhD\",\"publisher\":{\"@id\":\"https:\\\/\\\/cmoyano.com\\\/#organization\"},\"potentialAction\":[{\"@type\":\"SearchAction\",\"target\":{\"@type\":\"EntryPoint\",\"urlTemplate\":\"https:\\\/\\\/cmoyano.com\\\/?s={search_term_string}\"},\"query-input\":{\"@type\":\"PropertyValueSpecification\",\"valueRequired\":true,\"valueName\":\"search_term_string\"}}],\"inLanguage\":\"es\"},{\"@type\":\"Organization\",\"@id\":\"https:\\\/\\\/cmoyano.com\\\/#organization\",\"name\":\"Cristian Moyano Fernandez\",\"url\":\"https:\\\/\\\/cmoyano.com\\\/\",\"logo\":{\"@type\":\"ImageObject\",\"inLanguage\":\"es\",\"@id\":\"https:\\\/\\\/cmoyano.com\\\/#\\\/schema\\\/logo\\\/image\\\/\",\"url\":\"https:\\\/\\\/cmoyano.com\\\/wp-content\\\/uploads\\\/2021\\\/06\\\/cropped-cropped-Cristian-Moyano-Fernandez-PhD-1.png\",\"contentUrl\":\"https:\\\/\\\/cmoyano.com\\\/wp-content\\\/uploads\\\/2021\\\/06\\\/cropped-cropped-Cristian-Moyano-Fernandez-PhD-1.png\",\"width\":498,\"height\":176,\"caption\":\"Cristian Moyano Fernandez\"},\"image\":{\"@id\":\"https:\\\/\\\/cmoyano.com\\\/#\\\/schema\\\/logo\\\/image\\\/\"}}]}<\/script>\n<!-- \/ Yoast SEO plugin. -->","yoast_head_json":{"title":"Communications - Cristian Moyano Fernandez PhD","description":"I have participated in several conferences and seminars, both international and local, delivering academic communications. Here you ...","robots":{"index":"index","follow":"follow","max-snippet":"max-snippet:-1","max-image-preview":"max-image-preview:large","max-video-preview":"max-video-preview:-1"},"canonical":"https:\/\/cmoyano.com\/index.php\/communications\/","og_locale":"es_ES","og_type":"article","og_title":"Communications - Cristian Moyano Fernandez PhD","og_description":"I have participated in several conferences and seminars, both international and local, delivering academic communications. Here you ...","og_url":"https:\/\/cmoyano.com\/index.php\/communications\/","og_site_name":"Cristian Moyano Fernandez","article_modified_time":"2024-03-01T15:12:37+00:00","twitter_card":"summary_large_image","twitter_misc":{"Tiempo de lectura":"4 minutos"},"schema":{"@context":"https:\/\/schema.org","@graph":[{"@type":"WebPage","@id":"https:\/\/cmoyano.com\/index.php\/communications\/","url":"https:\/\/cmoyano.com\/index.php\/communications\/","name":"Communications - Cristian Moyano Fernandez PhD","isPartOf":{"@id":"https:\/\/cmoyano.com\/#website"},"datePublished":"2021-04-26T18:11:44+00:00","dateModified":"2024-03-01T15:12:37+00:00","description":"I have participated in several conferences and seminars, both international and local, delivering academic communications. Here you ...","breadcrumb":{"@id":"https:\/\/cmoyano.com\/index.php\/communications\/#breadcrumb"},"inLanguage":"es","potentialAction":[{"@type":"ReadAction","target":["https:\/\/cmoyano.com\/index.php\/communications\/"]}]},{"@type":"BreadcrumbList","@id":"https:\/\/cmoyano.com\/index.php\/communications\/#breadcrumb","itemListElement":[{"@type":"ListItem","position":1,"name":"Portada","item":"https:\/\/cmoyano.com\/"},{"@type":"ListItem","position":2,"name":"Communications"}]},{"@type":"WebSite","@id":"https:\/\/cmoyano.com\/#website","url":"https:\/\/cmoyano.com\/","name":"Cristian Moyano Fernandez","description":"Cristian Moyano PhD","publisher":{"@id":"https:\/\/cmoyano.com\/#organization"},"potentialAction":[{"@type":"SearchAction","target":{"@type":"EntryPoint","urlTemplate":"https:\/\/cmoyano.com\/?s={search_term_string}"},"query-input":{"@type":"PropertyValueSpecification","valueRequired":true,"valueName":"search_term_string"}}],"inLanguage":"es"},{"@type":"Organization","@id":"https:\/\/cmoyano.com\/#organization","name":"Cristian Moyano Fernandez","url":"https:\/\/cmoyano.com\/","logo":{"@type":"ImageObject","inLanguage":"es","@id":"https:\/\/cmoyano.com\/#\/schema\/logo\/image\/","url":"https:\/\/cmoyano.com\/wp-content\/uploads\/2021\/06\/cropped-cropped-Cristian-Moyano-Fernandez-PhD-1.png","contentUrl":"https:\/\/cmoyano.com\/wp-content\/uploads\/2021\/06\/cropped-cropped-Cristian-Moyano-Fernandez-PhD-1.png","width":498,"height":176,"caption":"Cristian Moyano Fernandez"},"image":{"@id":"https:\/\/cmoyano.com\/#\/schema\/logo\/image\/"}}]}},"_links":{"self":[{"href":"https:\/\/cmoyano.com\/index.php\/wp-json\/wp\/v2\/pages\/68","targetHints":{"allow":["GET"]}}],"collection":[{"href":"https:\/\/cmoyano.com\/index.php\/wp-json\/wp\/v2\/pages"}],"about":[{"href":"https:\/\/cmoyano.com\/index.php\/wp-json\/wp\/v2\/types\/page"}],"author":[{"embeddable":true,"href":"https:\/\/cmoyano.com\/index.php\/wp-json\/wp\/v2\/users\/1"}],"replies":[{"embeddable":true,"href":"https:\/\/cmoyano.com\/index.php\/wp-json\/wp\/v2\/comments?post=68"}],"version-history":[{"count":13,"href":"https:\/\/cmoyano.com\/index.php\/wp-json\/wp\/v2\/pages\/68\/revisions"}],"predecessor-version":[{"id":317,"href":"https:\/\/cmoyano.com\/index.php\/wp-json\/wp\/v2\/pages\/68\/revisions\/317"}],"wp:attachment":[{"href":"https:\/\/cmoyano.com\/index.php\/wp-json\/wp\/v2\/media?parent=68"}],"curies":[{"name":"wp","href":"https:\/\/api.w.org\/{rel}","templated":true}]}}