{"id":70,"date":"2021-04-26T20:12:24","date_gmt":"2021-04-26T18:12:24","guid":{"rendered":"http:\/\/cmoyano.com\/?page_id=70"},"modified":"2024-03-01T16:14:44","modified_gmt":"2024-03-01T15:14:44","slug":"projects","status":"publish","type":"page","link":"https:\/\/cmoyano.com\/index.php\/projects\/","title":{"rendered":"Projects"},"content":{"rendered":"\n<div class=\"wp-block-group\"><div class=\"wp-block-group__inner-container is-layout-flow wp-block-group-is-layout-flow\">\n<p>These are the main projects and groups where I have been (or I am) involved in: <\/p>\n\n\n\n<hr class=\"wp-block-separator\"\/>\n\n\n\n<h2 class=\"wp-block-heading\"><strong>Research projects and groups<\/strong><\/h2>\n\n\n\n<p>2023 \u2013 Currently<br>Group \u00abESPACyOS. \u00c9tica de la Salud P\u00fablica\u00bb, funded with 18.000 euros by the Spain Ministry. IP: Angel Puyol.<\/p>\n\n\n\n<p>2023 \u2013 Currently <br>Group \u00abBIOETICA. Bio\u00e9tica y \u00c9ticas Aplicadas\u00bb, recognized by the Spain Ministry. IP: Javier Gil.<\/p>\n\n\n\n<p>2021 \u2013 Currently <br>Group \u00abGEHUCT. Humanistic Studies Group on Science and Technology\u00bb, funded with 30.000 euros by the Catalonia Government. IP: Angel Puyol.<\/p>\n\n\n\n<p>2020 \u2013 2024 <br>Project \u00abSolidaridad en bio\u00e9tica\u00bb, funded with 32.000 euros by the Spain Ministry. IP: Angel Puyol.<\/p>\n\n\n\n<p>2022 \u2013 2023 <br>Project \u00abERA-CERES. \u00c9tica del Rewilding en el Antropoceno: Comprendiendo los Escollos de Regenerar \u00c9ticamente lo Salvaje\u00bb, funded with 30.000 euros by the FBBVA. IP: <strong>Cristian Moyano-Fern\u00e1ndez<\/strong>.\u00a0<\/p>\n\n\n\n<p>2020 \u2013 2022 <br>Project \u00abDetecci\u00f3n y eliminaci\u00f3n de sesgos en algoritmos de triaje y localizaci\u00f3n para la COVID-19\u00bb, funded with 72.000 euros by the FBBVA. IP: Angel Puyol.<\/p>\n\n\n\n<p>2016 \u2013 2019 <br>Project \u00abJusticia y Democracia: hacia un nuevo modelo de solidaridad\u00bb, funded with 32.000 euros by the Spain Ministry. IP: Angel Puyol.<\/p>\n\n\n\n<p><\/p>\n\n\n\n<hr class=\"wp-block-separator has-text-color has-background has-white-background-color has-white-color\"\/>\n\n\n\n<p>You can also consult my<\/p>\n\n\n\n<ul class=\"wp-block-list\"><li><a href=\"http:\/\/cmoyano.com\/index.php\/publications\/\" target=\"_blank\" rel=\"noreferrer noopener\">publications<\/a><\/li><li><a href=\"http:\/\/cmoyano.com\/index.php\/communications-c\/\" target=\"_blank\" rel=\"noreferrer noopener\">communications<\/a><\/li><li><a href=\"http:\/\/cmoyano.com\/index.php\/curriculum-vitae\/\" target=\"_blank\" rel=\"noreferrer noopener\">CV<\/a><\/li><\/ul>\n<\/div><\/div>\n","protected":false},"excerpt":{"rendered":"<p>These are the main projects and groups where I have been (or I am) involved in: Research projects and groups 2023 \u2013 CurrentlyGroup \u00abESPACyOS. \u00c9tica de la Salud P\u00fablica\u00bb, funded with 18.000 euros by the Spain Ministry. IP: Angel Puyol. 2023 \u2013 Currently Group \u00abBIOETICA. Bio\u00e9tica y \u00c9ticas Aplicadas\u00bb, recognized by the Spain Ministry. IP: [&hellip;]<\/p>\n","protected":false},"author":1,"featured_media":0,"parent":0,"menu_order":0,"comment_status":"closed","ping_status":"closed","template":"","meta":{"zakra_page_container_layout":"contained","zakra_page_sidebar_layout":"no_sidebar","zakra_remove_content_margin":false,"zakra_sidebar":"customizer","zakra_transparent_header":"customizer","zakra_logo":0,"zakra_main_header_style":"default","zakra_menu_item_color":"","zakra_menu_item_hover_color":"","zakra_menu_item_active_color":"","zakra_menu_active_style":"","zakra_page_header":true,"footnotes":""},"class_list":["post-70","page","type-page","status-publish","hentry"],"yoast_head":"<!-- This site is optimized with the Yoast SEO plugin v27.3 - https:\/\/yoast.com\/product\/yoast-seo-wordpress\/ -->\n<title>Projects - Cristian Moyano Fernandez<\/title>\n<meta name=\"description\" content=\"These are the main projects where I have been (or I am) involved in: MICINN, GEHUCT, BBVA, ...\" \/>\n<meta name=\"robots\" content=\"index, follow, max-snippet:-1, max-image-preview:large, max-video-preview:-1\" \/>\n<link rel=\"canonical\" href=\"https:\/\/cmoyano.com\/index.php\/projects\/\" \/>\n<meta property=\"og:locale\" content=\"es_ES\" \/>\n<meta property=\"og:type\" content=\"article\" \/>\n<meta property=\"og:title\" content=\"Projects - Cristian Moyano Fernandez\" \/>\n<meta property=\"og:description\" content=\"These are the main projects where I have been (or I am) involved in: MICINN, GEHUCT, BBVA, ...\" \/>\n<meta property=\"og:url\" content=\"https:\/\/cmoyano.com\/index.php\/projects\/\" \/>\n<meta property=\"og:site_name\" content=\"Cristian Moyano Fernandez\" \/>\n<meta property=\"article:modified_time\" content=\"2024-03-01T15:14:44+00:00\" \/>\n<meta name=\"twitter:card\" content=\"summary_large_image\" \/>\n<meta name=\"twitter:label1\" content=\"Tiempo de lectura\" \/>\n\t<meta name=\"twitter:data1\" content=\"1 minuto\" \/>\n<script type=\"application\/ld+json\" class=\"yoast-schema-graph\">{\"@context\":\"https:\\\/\\\/schema.org\",\"@graph\":[{\"@type\":\"WebPage\",\"@id\":\"https:\\\/\\\/cmoyano.com\\\/index.php\\\/projects\\\/\",\"url\":\"https:\\\/\\\/cmoyano.com\\\/index.php\\\/projects\\\/\",\"name\":\"Projects - Cristian Moyano Fernandez\",\"isPartOf\":{\"@id\":\"https:\\\/\\\/cmoyano.com\\\/#website\"},\"datePublished\":\"2021-04-26T18:12:24+00:00\",\"dateModified\":\"2024-03-01T15:14:44+00:00\",\"description\":\"These are the main projects where I have been (or I am) involved in: MICINN, GEHUCT, BBVA, ...\",\"breadcrumb\":{\"@id\":\"https:\\\/\\\/cmoyano.com\\\/index.php\\\/projects\\\/#breadcrumb\"},\"inLanguage\":\"es\",\"potentialAction\":[{\"@type\":\"ReadAction\",\"target\":[\"https:\\\/\\\/cmoyano.com\\\/index.php\\\/projects\\\/\"]}]},{\"@type\":\"BreadcrumbList\",\"@id\":\"https:\\\/\\\/cmoyano.com\\\/index.php\\\/projects\\\/#breadcrumb\",\"itemListElement\":[{\"@type\":\"ListItem\",\"position\":1,\"name\":\"Portada\",\"item\":\"https:\\\/\\\/cmoyano.com\\\/\"},{\"@type\":\"ListItem\",\"position\":2,\"name\":\"Projects\"}]},{\"@type\":\"WebSite\",\"@id\":\"https:\\\/\\\/cmoyano.com\\\/#website\",\"url\":\"https:\\\/\\\/cmoyano.com\\\/\",\"name\":\"Cristian Moyano Fernandez\",\"description\":\"Cristian Moyano PhD\",\"publisher\":{\"@id\":\"https:\\\/\\\/cmoyano.com\\\/#organization\"},\"potentialAction\":[{\"@type\":\"SearchAction\",\"target\":{\"@type\":\"EntryPoint\",\"urlTemplate\":\"https:\\\/\\\/cmoyano.com\\\/?s={search_term_string}\"},\"query-input\":{\"@type\":\"PropertyValueSpecification\",\"valueRequired\":true,\"valueName\":\"search_term_string\"}}],\"inLanguage\":\"es\"},{\"@type\":\"Organization\",\"@id\":\"https:\\\/\\\/cmoyano.com\\\/#organization\",\"name\":\"Cristian Moyano Fernandez\",\"url\":\"https:\\\/\\\/cmoyano.com\\\/\",\"logo\":{\"@type\":\"ImageObject\",\"inLanguage\":\"es\",\"@id\":\"https:\\\/\\\/cmoyano.com\\\/#\\\/schema\\\/logo\\\/image\\\/\",\"url\":\"https:\\\/\\\/cmoyano.com\\\/wp-content\\\/uploads\\\/2021\\\/06\\\/cropped-cropped-Cristian-Moyano-Fernandez-PhD-1.png\",\"contentUrl\":\"https:\\\/\\\/cmoyano.com\\\/wp-content\\\/uploads\\\/2021\\\/06\\\/cropped-cropped-Cristian-Moyano-Fernandez-PhD-1.png\",\"width\":498,\"height\":176,\"caption\":\"Cristian Moyano Fernandez\"},\"image\":{\"@id\":\"https:\\\/\\\/cmoyano.com\\\/#\\\/schema\\\/logo\\\/image\\\/\"}}]}<\/script>\n<!-- \/ Yoast SEO plugin. -->","yoast_head_json":{"title":"Projects - Cristian Moyano Fernandez","description":"These are the main projects where I have been (or I am) involved in: MICINN, GEHUCT, BBVA, ...","robots":{"index":"index","follow":"follow","max-snippet":"max-snippet:-1","max-image-preview":"max-image-preview:large","max-video-preview":"max-video-preview:-1"},"canonical":"https:\/\/cmoyano.com\/index.php\/projects\/","og_locale":"es_ES","og_type":"article","og_title":"Projects - Cristian Moyano Fernandez","og_description":"These are the main projects where I have been (or I am) involved in: MICINN, GEHUCT, BBVA, ...","og_url":"https:\/\/cmoyano.com\/index.php\/projects\/","og_site_name":"Cristian Moyano Fernandez","article_modified_time":"2024-03-01T15:14:44+00:00","twitter_card":"summary_large_image","twitter_misc":{"Tiempo de lectura":"1 minuto"},"schema":{"@context":"https:\/\/schema.org","@graph":[{"@type":"WebPage","@id":"https:\/\/cmoyano.com\/index.php\/projects\/","url":"https:\/\/cmoyano.com\/index.php\/projects\/","name":"Projects - Cristian Moyano Fernandez","isPartOf":{"@id":"https:\/\/cmoyano.com\/#website"},"datePublished":"2021-04-26T18:12:24+00:00","dateModified":"2024-03-01T15:14:44+00:00","description":"These are the main projects where I have been (or I am) involved in: MICINN, GEHUCT, BBVA, ...","breadcrumb":{"@id":"https:\/\/cmoyano.com\/index.php\/projects\/#breadcrumb"},"inLanguage":"es","potentialAction":[{"@type":"ReadAction","target":["https:\/\/cmoyano.com\/index.php\/projects\/"]}]},{"@type":"BreadcrumbList","@id":"https:\/\/cmoyano.com\/index.php\/projects\/#breadcrumb","itemListElement":[{"@type":"ListItem","position":1,"name":"Portada","item":"https:\/\/cmoyano.com\/"},{"@type":"ListItem","position":2,"name":"Projects"}]},{"@type":"WebSite","@id":"https:\/\/cmoyano.com\/#website","url":"https:\/\/cmoyano.com\/","name":"Cristian Moyano Fernandez","description":"Cristian Moyano PhD","publisher":{"@id":"https:\/\/cmoyano.com\/#organization"},"potentialAction":[{"@type":"SearchAction","target":{"@type":"EntryPoint","urlTemplate":"https:\/\/cmoyano.com\/?s={search_term_string}"},"query-input":{"@type":"PropertyValueSpecification","valueRequired":true,"valueName":"search_term_string"}}],"inLanguage":"es"},{"@type":"Organization","@id":"https:\/\/cmoyano.com\/#organization","name":"Cristian Moyano Fernandez","url":"https:\/\/cmoyano.com\/","logo":{"@type":"ImageObject","inLanguage":"es","@id":"https:\/\/cmoyano.com\/#\/schema\/logo\/image\/","url":"https:\/\/cmoyano.com\/wp-content\/uploads\/2021\/06\/cropped-cropped-Cristian-Moyano-Fernandez-PhD-1.png","contentUrl":"https:\/\/cmoyano.com\/wp-content\/uploads\/2021\/06\/cropped-cropped-Cristian-Moyano-Fernandez-PhD-1.png","width":498,"height":176,"caption":"Cristian Moyano Fernandez"},"image":{"@id":"https:\/\/cmoyano.com\/#\/schema\/logo\/image\/"}}]}},"_links":{"self":[{"href":"https:\/\/cmoyano.com\/index.php\/wp-json\/wp\/v2\/pages\/70","targetHints":{"allow":["GET"]}}],"collection":[{"href":"https:\/\/cmoyano.com\/index.php\/wp-json\/wp\/v2\/pages"}],"about":[{"href":"https:\/\/cmoyano.com\/index.php\/wp-json\/wp\/v2\/types\/page"}],"author":[{"embeddable":true,"href":"https:\/\/cmoyano.com\/index.php\/wp-json\/wp\/v2\/users\/1"}],"replies":[{"embeddable":true,"href":"https:\/\/cmoyano.com\/index.php\/wp-json\/wp\/v2\/comments?post=70"}],"version-history":[{"count":9,"href":"https:\/\/cmoyano.com\/index.php\/wp-json\/wp\/v2\/pages\/70\/revisions"}],"predecessor-version":[{"id":320,"href":"https:\/\/cmoyano.com\/index.php\/wp-json\/wp\/v2\/pages\/70\/revisions\/320"}],"wp:attachment":[{"href":"https:\/\/cmoyano.com\/index.php\/wp-json\/wp\/v2\/media?parent=70"}],"curies":[{"name":"wp","href":"https:\/\/api.w.org\/{rel}","templated":true}]}}