{"id":72,"date":"2021-04-26T20:12:46","date_gmt":"2021-04-26T18:12:46","guid":{"rendered":"http:\/\/cmoyano.com\/?page_id=72"},"modified":"2026-01-30T15:55:34","modified_gmt":"2026-01-30T14:55:34","slug":"activism","status":"publish","type":"page","link":"https:\/\/cmoyano.com\/index.php\/activism\/","title":{"rendered":"Outreach"},"content":{"rendered":"\n<h2 class=\"wp-block-heading\"><strong>Articles<\/strong><\/h2>\n\n\n\n<p>Here you can find some articles I wrote for newspapers, journals and webpages in collaboration with non-profit organisations regarding animal ethics and environmental issues:<\/p>\n\n\n\n<p><\/p>\n\n\n\n<ul class=\"wp-block-list\">\n<li>Article \u00ab<a href=\"https:\/\/theconversation.com\/mas-herbivoros-salvajes-para-prevenir-los-incendios-210870\" target=\"_blank\" rel=\"noreferrer noopener\">M\u00e1s herb\u00edvoros salvajes para prevenir los incendios<\/a>\u00bb, <em>The Conversation<\/em>, August 2023. <\/li>\n\n\n\n<li>Article \u00ab<a href=\"https:\/\/theconversation.com\/es-bueno-que-regrese-la-naturaleza-salvaje-193324\" target=\"_blank\" rel=\"noreferrer noopener\">\u00bfEs bueno que regrese la naturaleza salvaje?<\/a>\u00bb, <em>The Conversation<\/em>, November 2022.<\/li>\n\n\n\n<li>Article \u00ab<a href=\"https:\/\/www.tribunamaresme.com\/carn-laboratori-solucio-real\/\" target=\"_blank\" rel=\"noreferrer noopener\">La carn de laboratori \u00e9s una soluci\u00f3 real?<\/a>\u00bb,&nbsp; <em>Tribuna Maresme<\/em> newspaper, April 2021<a href=\"https:\/\/www.tribunamaresme.com\/carn-laboratori-solucio-real\/\">.<\/a>&nbsp;<\/li>\n\n\n\n<li>Article \u00ab<a href=\"https:\/\/www.tribunamaresme.com\/de-labric-a-la-grip\/\" target=\"_blank\" rel=\"noreferrer noopener\">De l\u2019abric a la grip<\/a>\u00bb, <em>Tribuna Maresme<\/em> newspaper, December 2020<a href=\"https:\/\/www.tribunamaresme.com\/de-labric-a-la-grip\/\">.<\/a><\/li>\n\n\n\n<li>Article \u00ab<a href=\"https:\/\/publicaciones.hegoa.ehu.eus\/uploads\/pdfs\/478\/Pensamientos_Criticos_3-_Sostenibilidad_Ecologica.pdf?1607507342\" target=\"_blank\" rel=\"noreferrer noopener\">\u00bfCu\u00e1les son los elementos centrales pr\u00e1cticos para la transici\u00f3n?<\/a>\u00bb, <em>Pensamientos Cr\u00edticos: miradas que van m\u00e1s all\u00e1 del desarrollo,<\/em> n. 3, Hegoa Institute, UPV\/EHU, October 2020.<\/li>\n\n\n\n<li>Article \u00ab<a href=\"https:\/\/www.tribunamaresme.com\/pot-veganisme-frenar-pandemia\/\" target=\"_blank\" rel=\"noreferrer noopener\">Com pot el veganisme frenar una pand\u00e8mia?<\/a>\u00bb,&nbsp;<em>Tribuna Maresme<\/em> newspaper, April 2020.<\/li>\n\n\n\n<li>Article \u00ab<a href=\"https:\/\/www.reddetransicion.org\/visita-a-carricola-localidad-valenciana-modelo-de-sostenibilidad-y-ejemplo-vivo-de-transicion\/\" target=\"_blank\" rel=\"noreferrer noopener\">Visita a Carr\u00edcola, la \u201cxispa\u201d de la Vall<\/a>\u00bb, <em><a href=\"http:\/\/reddetransicion.org\" target=\"_blank\" rel=\"noreferrer noopener\">Red de Transici\u00f3n<\/a> <\/em>website May 2019<a href=\"https:\/\/www.reddetransicion.org\/visita-a-carricola-localidad-valenciana-modelo-de-sostenibilidad-y-ejemplo-vivo-de-transicion\/\">.<\/a><\/li>\n\n\n\n<li>Article \u00ab<a href=\"https:\/\/www.reddetransicion.org\/jornadas-emergencia-climatica-actuamos-juntas\/\" target=\"_blank\" rel=\"noreferrer noopener\">Jornadas \u201cEmergencia Clim\u00e1tica, \u00bfactuamos juntas?\u201d<\/a>\u00bb, <em><em><a href=\"http:\/\/reddetransicion.org\/\" target=\"_blank\" rel=\"noreferrer noopener\">Red de Transici\u00f3n<\/a><\/em><\/em> website, April 2019.<\/li>\n<\/ul>\n\n\n\n<hr class=\"wp-block-separator has-css-opacity\"\/>\n\n\n\n<h2 class=\"wp-block-heading\"><strong>Interviews<\/strong><\/h2>\n\n\n\n<ul class=\"wp-block-list\">\n<li><em><a href=\"http:\/\/Cristian Moyano, fil\u00f3sofo: \u00abEl \u2018rewilding\u2019 rompe con la soberbia humana\u00bb\">Cristian Moyano, fil\u00f3sofo: \u00abEl \u2018rewilding\u2019 rompe con la soberbia humana\u00bb<\/a><\/em>, Clim\u00e1tica, 30 October 2025.<\/li>\n\n\n\n<li><em><a href=\"https:\/\/cadenaser.com\/cmadrid\/2025\/04\/01\/percibir-la-naturaleza-con-ojos-asilvestrados-ser-madrid-norte\/\">Percibir la naturaleza con ojos asilvestrados<\/a><\/em>, SER, 1 April 2025.<\/li>\n\n\n\n<li><a href=\"https:\/\/www.fbbva.es\/noticias\/cristian-moyano-espacios-naturaleza-salvaje-florecer\/\">Cristian Moyano, fil\u00f3sofo: \u201cHacen falta espacios protegidos donde la naturaleza salvaje pueda florecer\u201d<\/a>, 3 March 2025 <\/li>\n\n\n\n<li>Radio interview at\u00a0<a href=\"https:\/\/mediavod-lvlt.rtve.es\/resources\/TE_SVIDAVE\/mp3\/5\/5\/1654673526655.mp3\" target=\"_blank\" rel=\"noreferrer noopener\">RNE Vida Verde<\/a>\u00a0(24\u2032:30\u2033)<\/li>\n\n\n\n<li><a href=\"https:\/\/www.antropologiavidaanimal.es\/blog\/desbancar-al-antropocentrismo-moral-puede-ayudar-a-recuperar-la-humildad-de-situarnos-en-la-biosfera-como-una-especie-mas\/\" target=\"_blank\" rel=\"noreferrer noopener\">antropologiavidaanimal.es<\/a>\u00a0interview <\/li>\n<\/ul>\n\n\n\n<hr class=\"wp-block-separator has-css-opacity\"\/>\n\n\n\n<h2 class=\"wp-block-heading\"><strong> Talks<\/strong><\/h2>\n\n\n\n<div class=\"wp-block-columns is-layout-flex wp-container-core-columns-is-layout-28f84493 wp-block-columns-is-layout-flex\">\n<div class=\"wp-block-column is-layout-flow wp-block-column-is-layout-flow\">\n<figure class=\"wp-block-embed is-type-video is-provider-youtube wp-block-embed-youtube wp-embed-aspect-16-9 wp-has-aspect-ratio\"><div class=\"wp-block-embed__wrapper\">\n<div class=\"zak-oembed-container\"><iframe loading=\"lazy\" title=\"Renaturalizar el Antropoceno\" width=\"812\" height=\"457\" src=\"https:\/\/www.youtube.com\/embed\/FZ-Toww6zqo?feature=oembed\" frameborder=\"0\" allow=\"accelerometer; autoplay; clipboard-write; encrypted-media; gyroscope; picture-in-picture; web-share\" referrerpolicy=\"strict-origin-when-cross-origin\" allowfullscreen><\/iframe><\/div>\n<\/div><\/figure>\n\n\n\n<p><strong>\u00abRenaturalizar el Antropoceno\u00bb<\/strong>, talk at the forum of Laboratorio Filos\u00f3fico del Antropoceno y del Decrecimiento. <a href=\"https:\/\/redfilosofia.es\/laboratorio\/2023\/01\/15\/el-laboratorio-conversa-con-cristian-moyano\/\" target=\"_blank\" rel=\"noreferrer noopener\">https:\/\/redfilosofia.es\/laboratorio\/2023\/01\/15\/el-laboratorio-conversa-con-cristian-moyano\/<\/a>&nbsp;<\/p>\n<\/div>\n\n\n\n<div class=\"wp-block-column is-layout-flow wp-block-column-is-layout-flow\">\n<figure class=\"wp-block-embed is-type-video is-provider-youtube wp-block-embed-youtube wp-embed-aspect-16-9 wp-has-aspect-ratio\"><div class=\"wp-block-embed__wrapper\">\n<div class=\"zak-oembed-container\"><iframe loading=\"lazy\" title=\"\u00bfQu\u00e9 busca el rewilding?\" width=\"812\" height=\"457\" src=\"https:\/\/www.youtube.com\/embed\/OpzBGjpj7Sg?feature=oembed\" frameborder=\"0\" allow=\"accelerometer; autoplay; clipboard-write; encrypted-media; gyroscope; picture-in-picture; web-share\" referrerpolicy=\"strict-origin-when-cross-origin\" allowfullscreen><\/iframe><\/div>\n<\/div><\/figure>\n\n\n\n<p><strong>\u00ab\u00bfQu\u00e9 busca el rewilding?\u00bb<\/strong>, interviewed by Plaza y Vald\u00e9s publishers.<\/p>\n<\/div>\n<\/div>\n\n\n\n<div class=\"wp-block-columns is-layout-flex wp-container-core-columns-is-layout-28f84493 wp-block-columns-is-layout-flex\">\n<div class=\"wp-block-column is-layout-flow wp-block-column-is-layout-flow\">\n<figure class=\"wp-block-image size-large\"><img loading=\"lazy\" decoding=\"async\" width=\"1024\" height=\"589\" src=\"https:\/\/cmoyano.com\/wp-content\/uploads\/2025\/03\/Captura-de-pantalla-2025-03-07-133751-1024x589.png\" alt=\"\" class=\"wp-image-336\" srcset=\"https:\/\/cmoyano.com\/wp-content\/uploads\/2025\/03\/Captura-de-pantalla-2025-03-07-133751-1024x589.png 1024w, https:\/\/cmoyano.com\/wp-content\/uploads\/2025\/03\/Captura-de-pantalla-2025-03-07-133751-300x173.png 300w, https:\/\/cmoyano.com\/wp-content\/uploads\/2025\/03\/Captura-de-pantalla-2025-03-07-133751-768x442.png 768w, https:\/\/cmoyano.com\/wp-content\/uploads\/2025\/03\/Captura-de-pantalla-2025-03-07-133751.png 1132w\" sizes=\"auto, (max-width: 1024px) 100vw, 1024px\" \/><\/figure>\n\n\n\n<p><strong>\u00ab<a href=\"https:\/\/www.facebook.com\/watch\/live\/?v=687724751976153&amp;ref=watch_permalink\" target=\"_blank\" rel=\"noreferrer noopener\">Los efectos ambientales de la ganader\u00eda intensiva<\/a>\u00bb<\/strong>, Live online talk in <a href=\"http:\/\/somanimaanimal.org\" target=\"_blank\" rel=\"noreferrer noopener\">\u00e0nimaL: som \u00e0nima animal<\/a> Facebook profile (<\/p>\n<\/div>\n\n\n\n<div class=\"wp-block-column is-layout-flow wp-block-column-is-layout-flow\">\n<figure class=\"wp-block-embed is-type-video is-provider-youtube wp-block-embed-youtube wp-embed-aspect-16-9 wp-has-aspect-ratio\"><div class=\"wp-block-embed__wrapper\">\n<div class=\"zak-oembed-container\"><iframe loading=\"lazy\" title=\"SIMBIO\u00c9TICA Y REWILDING. Crisis ecol\u00f3gica (debate). Marta Tafalla, Jorge Riechmann y Cristian Moyano\" width=\"812\" height=\"457\" src=\"https:\/\/www.youtube.com\/embed\/1-KtEzd8Y9o?feature=oembed\" frameborder=\"0\" allow=\"accelerometer; autoplay; clipboard-write; encrypted-media; gyroscope; picture-in-picture; web-share\" referrerpolicy=\"strict-origin-when-cross-origin\" allowfullscreen><\/iframe><\/div>\n<\/div><\/figure>\n\n\n\n<p><strong>\u00ab<\/strong>Simbio\u00e9tica y Rewilding<strong>\u00bb<\/strong>. Participation at the symposium at CCCB with Marta Tafalla and Jorge Riechmann (2022)<\/p>\n<\/div>\n<\/div>\n\n\n\n<hr class=\"wp-block-separator has-css-opacity\"\/>\n","protected":false},"excerpt":{"rendered":"<p>Articles Here you can find some articles I wrote for newspapers, journals and webpages in collaboration with non-profit organisations regarding animal ethics and environmental issues: Interviews Talks \u00abRenaturalizar el Antropoceno\u00bb, talk at the forum of Laboratorio Filos\u00f3fico del Antropoceno y del Decrecimiento. https:\/\/redfilosofia.es\/laboratorio\/2023\/01\/15\/el-laboratorio-conversa-con-cristian-moyano\/&nbsp; \u00ab\u00bfQu\u00e9 busca el rewilding?\u00bb, interviewed by Plaza y Vald\u00e9s publishers. \u00abLos efectos [&hellip;]<\/p>\n","protected":false},"author":1,"featured_media":0,"parent":0,"menu_order":0,"comment_status":"closed","ping_status":"closed","template":"","meta":{"zakra_page_container_layout":"contained","zakra_page_sidebar_layout":"no_sidebar","zakra_remove_content_margin":false,"zakra_sidebar":"customizer","zakra_transparent_header":"customizer","zakra_logo":0,"zakra_main_header_style":"default","zakra_menu_item_color":"","zakra_menu_item_hover_color":"","zakra_menu_item_active_color":"","zakra_menu_active_style":"","zakra_page_header":true,"footnotes":""},"class_list":["post-72","page","type-page","status-publish","hentry"],"yoast_head":"<!-- This site is optimized with the Yoast SEO plugin v27.4 - https:\/\/yoast.com\/product\/yoast-seo-wordpress\/ -->\n<title>Contributions to activism - Cristian Moyano Fernandez<\/title>\n<meta name=\"description\" content=\"Here you can find some articles and talks in collaboration with non-profit organisations regarding animal ethics and environmental issues\" \/>\n<meta name=\"robots\" content=\"index, follow, max-snippet:-1, max-image-preview:large, max-video-preview:-1\" \/>\n<link rel=\"canonical\" href=\"https:\/\/cmoyano.com\/index.php\/activism\/\" \/>\n<meta property=\"og:locale\" content=\"es_ES\" \/>\n<meta property=\"og:type\" content=\"article\" \/>\n<meta property=\"og:title\" content=\"Contributions to activism - Cristian Moyano Fernandez\" \/>\n<meta property=\"og:description\" content=\"Here you can find some articles and talks in collaboration with non-profit organisations regarding animal ethics and environmental issues\" \/>\n<meta property=\"og:url\" content=\"https:\/\/cmoyano.com\/index.php\/activism\/\" \/>\n<meta property=\"og:site_name\" content=\"Cristian Moyano Fernandez\" \/>\n<meta property=\"article:modified_time\" content=\"2026-01-30T14:55:34+00:00\" \/>\n<meta property=\"og:image\" content=\"https:\/\/cmoyano.com\/wp-content\/uploads\/2025\/03\/Captura-de-pantalla-2025-03-07-133751.png\" \/>\n\t<meta property=\"og:image:width\" content=\"1132\" \/>\n\t<meta property=\"og:image:height\" content=\"651\" \/>\n\t<meta property=\"og:image:type\" content=\"image\/png\" \/>\n<meta name=\"twitter:card\" content=\"summary_large_image\" \/>\n<meta name=\"twitter:label1\" content=\"Tiempo de lectura\" \/>\n\t<meta name=\"twitter:data1\" content=\"2 minutos\" \/>\n<script type=\"application\/ld+json\" class=\"yoast-schema-graph\">{\"@context\":\"https:\\\/\\\/schema.org\",\"@graph\":[{\"@type\":\"WebPage\",\"@id\":\"https:\\\/\\\/cmoyano.com\\\/index.php\\\/activism\\\/\",\"url\":\"https:\\\/\\\/cmoyano.com\\\/index.php\\\/activism\\\/\",\"name\":\"Contributions to activism - Cristian Moyano Fernandez\",\"isPartOf\":{\"@id\":\"https:\\\/\\\/cmoyano.com\\\/#website\"},\"primaryImageOfPage\":{\"@id\":\"https:\\\/\\\/cmoyano.com\\\/index.php\\\/activism\\\/#primaryimage\"},\"image\":{\"@id\":\"https:\\\/\\\/cmoyano.com\\\/index.php\\\/activism\\\/#primaryimage\"},\"thumbnailUrl\":\"https:\\\/\\\/cmoyano.com\\\/wp-content\\\/uploads\\\/2025\\\/03\\\/Captura-de-pantalla-2025-03-07-133751-1024x589.png\",\"datePublished\":\"2021-04-26T18:12:46+00:00\",\"dateModified\":\"2026-01-30T14:55:34+00:00\",\"description\":\"Here you can find some articles and talks in collaboration with non-profit organisations regarding animal ethics and environmental issues\",\"breadcrumb\":{\"@id\":\"https:\\\/\\\/cmoyano.com\\\/index.php\\\/activism\\\/#breadcrumb\"},\"inLanguage\":\"es\",\"potentialAction\":[{\"@type\":\"ReadAction\",\"target\":[\"https:\\\/\\\/cmoyano.com\\\/index.php\\\/activism\\\/\"]}]},{\"@type\":\"ImageObject\",\"inLanguage\":\"es\",\"@id\":\"https:\\\/\\\/cmoyano.com\\\/index.php\\\/activism\\\/#primaryimage\",\"url\":\"https:\\\/\\\/cmoyano.com\\\/wp-content\\\/uploads\\\/2025\\\/03\\\/Captura-de-pantalla-2025-03-07-133751.png\",\"contentUrl\":\"https:\\\/\\\/cmoyano.com\\\/wp-content\\\/uploads\\\/2025\\\/03\\\/Captura-de-pantalla-2025-03-07-133751.png\",\"width\":1132,\"height\":651},{\"@type\":\"BreadcrumbList\",\"@id\":\"https:\\\/\\\/cmoyano.com\\\/index.php\\\/activism\\\/#breadcrumb\",\"itemListElement\":[{\"@type\":\"ListItem\",\"position\":1,\"name\":\"Portada\",\"item\":\"https:\\\/\\\/cmoyano.com\\\/\"},{\"@type\":\"ListItem\",\"position\":2,\"name\":\"Outreach\"}]},{\"@type\":\"WebSite\",\"@id\":\"https:\\\/\\\/cmoyano.com\\\/#website\",\"url\":\"https:\\\/\\\/cmoyano.com\\\/\",\"name\":\"Cristian Moyano Fernandez\",\"description\":\"Cristian Moyano PhD\",\"publisher\":{\"@id\":\"https:\\\/\\\/cmoyano.com\\\/#organization\"},\"potentialAction\":[{\"@type\":\"SearchAction\",\"target\":{\"@type\":\"EntryPoint\",\"urlTemplate\":\"https:\\\/\\\/cmoyano.com\\\/?s={search_term_string}\"},\"query-input\":{\"@type\":\"PropertyValueSpecification\",\"valueRequired\":true,\"valueName\":\"search_term_string\"}}],\"inLanguage\":\"es\"},{\"@type\":\"Organization\",\"@id\":\"https:\\\/\\\/cmoyano.com\\\/#organization\",\"name\":\"Cristian Moyano Fernandez\",\"url\":\"https:\\\/\\\/cmoyano.com\\\/\",\"logo\":{\"@type\":\"ImageObject\",\"inLanguage\":\"es\",\"@id\":\"https:\\\/\\\/cmoyano.com\\\/#\\\/schema\\\/logo\\\/image\\\/\",\"url\":\"https:\\\/\\\/cmoyano.com\\\/wp-content\\\/uploads\\\/2021\\\/06\\\/cropped-cropped-Cristian-Moyano-Fernandez-PhD-1.png\",\"contentUrl\":\"https:\\\/\\\/cmoyano.com\\\/wp-content\\\/uploads\\\/2021\\\/06\\\/cropped-cropped-Cristian-Moyano-Fernandez-PhD-1.png\",\"width\":498,\"height\":176,\"caption\":\"Cristian Moyano Fernandez\"},\"image\":{\"@id\":\"https:\\\/\\\/cmoyano.com\\\/#\\\/schema\\\/logo\\\/image\\\/\"}}]}<\/script>\n<!-- \/ Yoast SEO plugin. -->","yoast_head_json":{"title":"Contributions to activism - Cristian Moyano Fernandez","description":"Here you can find some articles and talks in collaboration with non-profit organisations regarding animal ethics and environmental issues","robots":{"index":"index","follow":"follow","max-snippet":"max-snippet:-1","max-image-preview":"max-image-preview:large","max-video-preview":"max-video-preview:-1"},"canonical":"https:\/\/cmoyano.com\/index.php\/activism\/","og_locale":"es_ES","og_type":"article","og_title":"Contributions to activism - Cristian Moyano Fernandez","og_description":"Here you can find some articles and talks in collaboration with non-profit organisations regarding animal ethics and environmental issues","og_url":"https:\/\/cmoyano.com\/index.php\/activism\/","og_site_name":"Cristian Moyano Fernandez","article_modified_time":"2026-01-30T14:55:34+00:00","og_image":[{"width":1132,"height":651,"url":"https:\/\/cmoyano.com\/wp-content\/uploads\/2025\/03\/Captura-de-pantalla-2025-03-07-133751.png","type":"image\/png"}],"twitter_card":"summary_large_image","twitter_misc":{"Tiempo de lectura":"2 minutos"},"schema":{"@context":"https:\/\/schema.org","@graph":[{"@type":"WebPage","@id":"https:\/\/cmoyano.com\/index.php\/activism\/","url":"https:\/\/cmoyano.com\/index.php\/activism\/","name":"Contributions to activism - Cristian Moyano Fernandez","isPartOf":{"@id":"https:\/\/cmoyano.com\/#website"},"primaryImageOfPage":{"@id":"https:\/\/cmoyano.com\/index.php\/activism\/#primaryimage"},"image":{"@id":"https:\/\/cmoyano.com\/index.php\/activism\/#primaryimage"},"thumbnailUrl":"https:\/\/cmoyano.com\/wp-content\/uploads\/2025\/03\/Captura-de-pantalla-2025-03-07-133751-1024x589.png","datePublished":"2021-04-26T18:12:46+00:00","dateModified":"2026-01-30T14:55:34+00:00","description":"Here you can find some articles and talks in collaboration with non-profit organisations regarding animal ethics and environmental issues","breadcrumb":{"@id":"https:\/\/cmoyano.com\/index.php\/activism\/#breadcrumb"},"inLanguage":"es","potentialAction":[{"@type":"ReadAction","target":["https:\/\/cmoyano.com\/index.php\/activism\/"]}]},{"@type":"ImageObject","inLanguage":"es","@id":"https:\/\/cmoyano.com\/index.php\/activism\/#primaryimage","url":"https:\/\/cmoyano.com\/wp-content\/uploads\/2025\/03\/Captura-de-pantalla-2025-03-07-133751.png","contentUrl":"https:\/\/cmoyano.com\/wp-content\/uploads\/2025\/03\/Captura-de-pantalla-2025-03-07-133751.png","width":1132,"height":651},{"@type":"BreadcrumbList","@id":"https:\/\/cmoyano.com\/index.php\/activism\/#breadcrumb","itemListElement":[{"@type":"ListItem","position":1,"name":"Portada","item":"https:\/\/cmoyano.com\/"},{"@type":"ListItem","position":2,"name":"Outreach"}]},{"@type":"WebSite","@id":"https:\/\/cmoyano.com\/#website","url":"https:\/\/cmoyano.com\/","name":"Cristian Moyano Fernandez","description":"Cristian Moyano PhD","publisher":{"@id":"https:\/\/cmoyano.com\/#organization"},"potentialAction":[{"@type":"SearchAction","target":{"@type":"EntryPoint","urlTemplate":"https:\/\/cmoyano.com\/?s={search_term_string}"},"query-input":{"@type":"PropertyValueSpecification","valueRequired":true,"valueName":"search_term_string"}}],"inLanguage":"es"},{"@type":"Organization","@id":"https:\/\/cmoyano.com\/#organization","name":"Cristian Moyano Fernandez","url":"https:\/\/cmoyano.com\/","logo":{"@type":"ImageObject","inLanguage":"es","@id":"https:\/\/cmoyano.com\/#\/schema\/logo\/image\/","url":"https:\/\/cmoyano.com\/wp-content\/uploads\/2021\/06\/cropped-cropped-Cristian-Moyano-Fernandez-PhD-1.png","contentUrl":"https:\/\/cmoyano.com\/wp-content\/uploads\/2021\/06\/cropped-cropped-Cristian-Moyano-Fernandez-PhD-1.png","width":498,"height":176,"caption":"Cristian Moyano Fernandez"},"image":{"@id":"https:\/\/cmoyano.com\/#\/schema\/logo\/image\/"}}]}},"_links":{"self":[{"href":"https:\/\/cmoyano.com\/index.php\/wp-json\/wp\/v2\/pages\/72","targetHints":{"allow":["GET"]}}],"collection":[{"href":"https:\/\/cmoyano.com\/index.php\/wp-json\/wp\/v2\/pages"}],"about":[{"href":"https:\/\/cmoyano.com\/index.php\/wp-json\/wp\/v2\/types\/page"}],"author":[{"embeddable":true,"href":"https:\/\/cmoyano.com\/index.php\/wp-json\/wp\/v2\/users\/1"}],"replies":[{"embeddable":true,"href":"https:\/\/cmoyano.com\/index.php\/wp-json\/wp\/v2\/comments?post=72"}],"version-history":[{"count":13,"href":"https:\/\/cmoyano.com\/index.php\/wp-json\/wp\/v2\/pages\/72\/revisions"}],"predecessor-version":[{"id":521,"href":"https:\/\/cmoyano.com\/index.php\/wp-json\/wp\/v2\/pages\/72\/revisions\/521"}],"wp:attachment":[{"href":"https:\/\/cmoyano.com\/index.php\/wp-json\/wp\/v2\/media?parent=72"}],"curies":[{"name":"wp","href":"https:\/\/api.w.org\/{rel}","templated":true}]}}